{"id":1006,"date":"2024-02-18T00:25:45","date_gmt":"2024-02-18T00:25:45","guid":{"rendered":"https:\/\/laxakeldum.is\/?page_id=1006"},"modified":"2025-02-02T19:45:53","modified_gmt":"2025-02-02T19:45:53","slug":"aevintyrid-sem-byr-ad-baki-gerd-a-nyrri-og-sjalfbaerri-laxveidia-a-islandi","status":"publish","type":"page","link":"https:\/\/laxakeldum.is\/en\/aevintyrid-sem-byr-ad-baki-gerd-a-nyrri-og-sjalfbaerri-laxveidia-a-islandi\/","title":{"rendered":"\u00c6vint\u00fdri\u00f0 sem b\u00fdr a\u00f0 baki ger\u00f0 \u00e1 n\u00fdrri og sj\u00e1lfb\u00e6rri laxvei\u00f0i\u00e1 \u00e1 \u00cdslandi"},"content":{"rendered":"<p class=\"wp-block-paragraph\">A documentary film by K\u00e1ri G. Schram that follows new salmon habitats in Iceland. This is one of the largest projects in recent years in fish farming and the promotion of North Atlantic salmon.<\/p>\n\n\n\n<p class=\"wp-block-paragraph\">We talk to L\u00fd\u00f0ur Sk\u00falason and Gu\u00f0mundur Ingi Hjartarson about their project and show footage from the 2022 spawning and fry releases.<\/p>\n\n\n\n<figure class=\"wp-block-embed is-type-video is-provider-youtube wp-block-embed-youtube wp-embed-aspect-16-9 wp-has-aspect-ratio\"><div class=\"wp-block-embed__wrapper\">\n<iframe loading=\"lazy\" title=\"Lax\u00e1 \u00e1 Keldum Trailer #1\" width=\"1020\" height=\"574\" src=\"https:\/\/www.youtube.com\/embed\/Tc3wkOxniZ4?start=12&#038;feature=oembed\" frameborder=\"0\" allow=\"accelerometer; autoplay; clipboard-write; encrypted-media; gyroscope; picture-in-picture; web-share\" allowfullscreen><\/iframe>\n<\/div><\/figure>\n\n\n\n<figure class=\"wp-block-embed is-type-video is-provider-youtube wp-block-embed-youtube wp-embed-aspect-16-9 wp-has-aspect-ratio\"><div class=\"wp-block-embed__wrapper\">\n<iframe loading=\"lazy\" title=\"Lax\u00e1 \u00e1 Keldum Trailer #2\" width=\"1020\" height=\"574\" src=\"https:\/\/www.youtube.com\/embed\/NBIxGg2ZAow?start=189&#038;feature=oembed\" frameborder=\"0\" allow=\"accelerometer; autoplay; clipboard-write; encrypted-media; gyroscope; picture-in-picture; web-share\" referrerpolicy=\"strict-origin-when-cross-origin\" allowfullscreen><\/iframe>\n<\/div><\/figure>\n\n\n\n<figure class=\"wp-block-embed is-type-video is-provider-youtube wp-block-embed-youtube wp-embed-aspect-16-9 wp-has-aspect-ratio\"><div class=\"wp-block-embed__wrapper\">\n<iframe loading=\"lazy\" title=\"The old riverbed comes to life in Keldur\" width=\"1020\" height=\"574\" src=\"https:\/\/www.youtube.com\/embed\/FQ5xv0ag52Q?feature=oembed\" frameborder=\"0\" allow=\"accelerometer; autoplay; clipboard-write; encrypted-media; gyroscope; picture-in-picture; web-share\" referrerpolicy=\"strict-origin-when-cross-origin\" allowfullscreen><\/iframe>\n<\/div><\/figure>\n\n\n\n<figure class=\"wp-block-gallery has-nested-images columns-default is-cropped wp-block-gallery-1 is-layout-flex wp-block-gallery-is-layout-flex\">\n<figure class=\"wp-block-image size-large\"><img loading=\"lazy\" decoding=\"async\" width=\"1384\" height=\"730\" data-id=\"970\" src=\"https:\/\/laxakeldum.is\/wp-content\/uploads\/2024\/02\/Screenshot-2023-02-24-170643.jpg\" alt=\"\" class=\"wp-image-970\" srcset=\"https:\/\/laxakeldum.is\/wp-content\/uploads\/2024\/02\/Screenshot-2023-02-24-170643.jpg 1384w, https:\/\/laxakeldum.is\/wp-content\/uploads\/2024\/02\/Screenshot-2023-02-24-170643-758x400.jpg 758w, https:\/\/laxakeldum.is\/wp-content\/uploads\/2024\/02\/Screenshot-2023-02-24-170643-768x405.jpg 768w, https:\/\/laxakeldum.is\/wp-content\/uploads\/2024\/02\/Screenshot-2023-02-24-170643-600x316.jpg 600w\" sizes=\"auto, (max-width: 1384px) 100vw, 1384px\" \/><figcaption class=\"wp-element-caption\">Holuger\u00f0 fyrir hrognagr\u00f6ft<\/figcaption><\/figure>\n\n\n\n<figure class=\"wp-block-image size-large\"><img loading=\"lazy\" decoding=\"async\" width=\"1067\" height=\"800\" data-id=\"1012\" src=\"https:\/\/laxakeldum.is\/wp-content\/uploads\/2024\/02\/20210508_110316-1067x800.jpg\" alt=\"\" class=\"wp-image-1012\" srcset=\"https:\/\/laxakeldum.is\/wp-content\/uploads\/2024\/02\/20210508_110316-1067x800.jpg 1067w, https:\/\/laxakeldum.is\/wp-content\/uploads\/2024\/02\/20210508_110316-533x400.jpg 533w, https:\/\/laxakeldum.is\/wp-content\/uploads\/2024\/02\/20210508_110316-768x576.jpg 768w, https:\/\/laxakeldum.is\/wp-content\/uploads\/2024\/02\/20210508_110316-1536x1152.jpg 1536w, https:\/\/laxakeldum.is\/wp-content\/uploads\/2024\/02\/20210508_110316-2048x1536.jpg 2048w, https:\/\/laxakeldum.is\/wp-content\/uploads\/2024\/02\/20210508_110316-600x450.jpg 600w\" sizes=\"auto, (max-width: 1067px) 100vw, 1067px\" \/><figcaption class=\"wp-element-caption\">Gu\u00f0mundur Ingi \u00ed vettvangsfer\u00f0<\/figcaption><\/figure>\n\n\n\n<figure class=\"wp-block-image size-large\"><img loading=\"lazy\" decoding=\"async\" width=\"1067\" height=\"800\" data-id=\"1018\" src=\"https:\/\/laxakeldum.is\/wp-content\/uploads\/2024\/02\/20210524_143416-1067x800.jpg\" alt=\"\" class=\"wp-image-1018\" srcset=\"https:\/\/laxakeldum.is\/wp-content\/uploads\/2024\/02\/20210524_143416-1067x800.jpg 1067w, https:\/\/laxakeldum.is\/wp-content\/uploads\/2024\/02\/20210524_143416-533x400.jpg 533w, https:\/\/laxakeldum.is\/wp-content\/uploads\/2024\/02\/20210524_143416-768x576.jpg 768w, https:\/\/laxakeldum.is\/wp-content\/uploads\/2024\/02\/20210524_143416-1536x1152.jpg 1536w, https:\/\/laxakeldum.is\/wp-content\/uploads\/2024\/02\/20210524_143416-2048x1536.jpg 2048w, https:\/\/laxakeldum.is\/wp-content\/uploads\/2024\/02\/20210524_143416-600x450.jpg 600w\" sizes=\"auto, (max-width: 1067px) 100vw, 1067px\" \/><figcaption class=\"wp-element-caption\">Hitam\u00e6lingar<\/figcaption><\/figure>\n\n\n\n<figure class=\"wp-block-image size-large\"><img loading=\"lazy\" decoding=\"async\" width=\"600\" height=\"800\" data-id=\"1014\" src=\"https:\/\/laxakeldum.is\/wp-content\/uploads\/2024\/02\/IMG_0264-600x800.jpg\" alt=\"\" class=\"wp-image-1014\" srcset=\"https:\/\/laxakeldum.is\/wp-content\/uploads\/2024\/02\/IMG_0264-600x800.jpg 600w, https:\/\/laxakeldum.is\/wp-content\/uploads\/2024\/02\/IMG_0264-300x400.jpg 300w, https:\/\/laxakeldum.is\/wp-content\/uploads\/2024\/02\/IMG_0264-768x1024.jpg 768w, https:\/\/laxakeldum.is\/wp-content\/uploads\/2024\/02\/IMG_0264-1152x1536.jpg 1152w, https:\/\/laxakeldum.is\/wp-content\/uploads\/2024\/02\/IMG_0264-1536x2048.jpg 1536w, https:\/\/laxakeldum.is\/wp-content\/uploads\/2024\/02\/IMG_0264-scaled.jpg 1920w\" sizes=\"auto, (max-width: 600px) 100vw, 600px\" \/><figcaption class=\"wp-element-caption\">J\u00f3hannes Sturlaugsson og Gu\u00f0mundur Ingi.  K\u00e1ri Schram vi\u00f0 t\u00f6kur<\/figcaption><\/figure>\n\n\n\n<figure class=\"wp-block-image size-large is-style-default\"><img loading=\"lazy\" decoding=\"async\" width=\"1067\" height=\"800\" data-id=\"1015\" src=\"https:\/\/laxakeldum.is\/wp-content\/uploads\/2024\/02\/IMG_0268-1067x800.jpg\" alt=\"\" class=\"wp-image-1015\" srcset=\"https:\/\/laxakeldum.is\/wp-content\/uploads\/2024\/02\/IMG_0268-1067x800.jpg 1067w, https:\/\/laxakeldum.is\/wp-content\/uploads\/2024\/02\/IMG_0268-533x400.jpg 533w, https:\/\/laxakeldum.is\/wp-content\/uploads\/2024\/02\/IMG_0268-768x576.jpg 768w, https:\/\/laxakeldum.is\/wp-content\/uploads\/2024\/02\/IMG_0268-1536x1152.jpg 1536w, https:\/\/laxakeldum.is\/wp-content\/uploads\/2024\/02\/IMG_0268-2048x1536.jpg 2048w, https:\/\/laxakeldum.is\/wp-content\/uploads\/2024\/02\/IMG_0268-600x450.jpg 600w\" sizes=\"auto, (max-width: 1067px) 100vw, 1067px\" \/><figcaption class=\"wp-element-caption\">G\u00f3\u00f0ur dagur og hrognagreftri loki\u00f0<\/figcaption><\/figure>\n<\/figure>","protected":false},"excerpt":{"rendered":"<p>Heimildarmynd K\u00e1ra G. Schram \u00fear sem fylgst er me\u00f0 n\u00fdjum b\u00fasv\u00e6\u00f0um laxa \u00e1 \u00cdslandi. H\u00e9r er um a\u00f0 r\u00e6\u00f0a eitt st\u00e6rsta verkefni s\u00ed\u00f0ustu \u00e1ra \u00ed fiskir\u00e6kt og eflingu nor\u00f0ur atlantshafslaxins. R\u00e6tt er vi\u00f0 \u00fe\u00e1 L\u00fd\u00f0 Sk\u00falason og Gu\u00f0mund Inga Hjartarson um verkefni \u00feeirra og s\u00fdnt fr\u00e1 hrognagreftri og sei\u00f0asleppingum 2022.<\/p>","protected":false},"author":3,"featured_media":968,"parent":0,"menu_order":0,"comment_status":"closed","ping_status":"closed","template":"","meta":{"_crdt_document":"","_monsterinsights_skip_tracking":false,"_monsterinsights_sitenote_active":false,"_monsterinsights_sitenote_note":"","_monsterinsights_sitenote_category":0,"footnotes":""},"class_list":["post-1006","page","type-page","status-publish","has-post-thumbnail","hentry"],"yoast_head":"<!-- This site is optimized with the Yoast SEO plugin v27.5 - https:\/\/yoast.com\/product\/yoast-seo-wordpress\/ -->\n<title>\u00c6vint\u00fdri\u00f0 sem b\u00fdr a\u00f0 baki ger\u00f0 \u00e1 n\u00fdrri og sj\u00e1lfb\u00e6rri laxvei\u00f0i\u00e1 \u00e1 \u00cdslandi - Lax\u00e1 \u00e1 Keldum<\/title>\n<meta name=\"description\" content=\"\u00c6vint\u00fdri\u00f0 sem b\u00fdr a\u00f0 baki ger\u00f0 \u00e1 n\u00fdrri og sj\u00e1lfb\u00e6rri laxvei\u00f0i\u00e1 \u00e1 \u00cdslandi. Heimildarmynd \u00fear sem fylgst er me\u00f0 n\u00fdjum b\u00fasv\u00e6\u00f0um laxa \u00e1 \u00cdslandi.\" \/>\n<meta name=\"robots\" content=\"index, follow, max-snippet:-1, max-image-preview:large, max-video-preview:-1\" \/>\n<link rel=\"canonical\" href=\"https:\/\/laxakeldum.is\/en\/aevintyrid-sem-byr-ad-baki-gerd-a-nyrri-og-sjalfbaerri-laxveidia-a-islandi\/\" \/>\n<meta property=\"og:locale\" content=\"en_GB\" \/>\n<meta property=\"og:type\" content=\"article\" \/>\n<meta property=\"og:title\" content=\"\u00c6vint\u00fdri\u00f0 sem b\u00fdr a\u00f0 baki ger\u00f0 \u00e1 n\u00fdrri og sj\u00e1lfb\u00e6rri laxvei\u00f0i\u00e1 \u00e1 \u00cdslandi - Lax\u00e1 \u00e1 Keldum\" \/>\n<meta property=\"og:description\" content=\"\u00c6vint\u00fdri\u00f0 sem b\u00fdr a\u00f0 baki ger\u00f0 \u00e1 n\u00fdrri og sj\u00e1lfb\u00e6rri laxvei\u00f0i\u00e1 \u00e1 \u00cdslandi. Heimildarmynd \u00fear sem fylgst er me\u00f0 n\u00fdjum b\u00fasv\u00e6\u00f0um laxa \u00e1 \u00cdslandi.\" \/>\n<meta property=\"og:url\" content=\"https:\/\/laxakeldum.is\/en\/aevintyrid-sem-byr-ad-baki-gerd-a-nyrri-og-sjalfbaerri-laxveidia-a-islandi\/\" \/>\n<meta property=\"og:site_name\" content=\"Lax\u00e1 \u00e1 Keldum\" \/>\n<meta property=\"article:modified_time\" content=\"2025-02-02T19:45:53+00:00\" \/>\n<meta property=\"og:image\" content=\"https:\/\/laxakeldum.is\/wp-content\/uploads\/2024\/02\/Screenshot-2023-02-24-165814.jpg\" \/>\n\t<meta property=\"og:image:width\" content=\"1233\" \/>\n\t<meta property=\"og:image:height\" content=\"684\" \/>\n\t<meta property=\"og:image:type\" content=\"image\/jpeg\" \/>\n<meta name=\"twitter:card\" content=\"summary_large_image\" \/>\n<meta name=\"twitter:label1\" content=\"Estimated reading time\" \/>\n\t<meta name=\"twitter:data1\" content=\"2 minutes\" \/>\n<script type=\"application\/ld+json\" class=\"yoast-schema-graph\">{\"@context\":\"https:\\\/\\\/schema.org\",\"@graph\":[{\"@type\":\"WebPage\",\"@id\":\"https:\\\/\\\/laxakeldum.is\\\/aevintyrid-sem-byr-ad-baki-gerd-a-nyrri-og-sjalfbaerri-laxveidia-a-islandi\\\/\",\"url\":\"https:\\\/\\\/laxakeldum.is\\\/aevintyrid-sem-byr-ad-baki-gerd-a-nyrri-og-sjalfbaerri-laxveidia-a-islandi\\\/\",\"name\":\"\u00c6vint\u00fdri\u00f0 sem b\u00fdr a\u00f0 baki ger\u00f0 \u00e1 n\u00fdrri og sj\u00e1lfb\u00e6rri laxvei\u00f0i\u00e1 \u00e1 \u00cdslandi - Lax\u00e1 \u00e1 Keldum\",\"isPartOf\":{\"@id\":\"https:\\\/\\\/laxakeldum.is\\\/#website\"},\"primaryImageOfPage\":{\"@id\":\"https:\\\/\\\/laxakeldum.is\\\/aevintyrid-sem-byr-ad-baki-gerd-a-nyrri-og-sjalfbaerri-laxveidia-a-islandi\\\/#primaryimage\"},\"image\":{\"@id\":\"https:\\\/\\\/laxakeldum.is\\\/aevintyrid-sem-byr-ad-baki-gerd-a-nyrri-og-sjalfbaerri-laxveidia-a-islandi\\\/#primaryimage\"},\"thumbnailUrl\":\"https:\\\/\\\/laxakeldum.is\\\/wp-content\\\/uploads\\\/2024\\\/02\\\/Screenshot-2023-02-24-165814.jpg\",\"datePublished\":\"2024-02-18T00:25:45+00:00\",\"dateModified\":\"2025-02-02T19:45:53+00:00\",\"description\":\"\u00c6vint\u00fdri\u00f0 sem b\u00fdr a\u00f0 baki ger\u00f0 \u00e1 n\u00fdrri og sj\u00e1lfb\u00e6rri laxvei\u00f0i\u00e1 \u00e1 \u00cdslandi. Heimildarmynd \u00fear sem fylgst er me\u00f0 n\u00fdjum b\u00fasv\u00e6\u00f0um laxa \u00e1 \u00cdslandi.\",\"breadcrumb\":{\"@id\":\"https:\\\/\\\/laxakeldum.is\\\/aevintyrid-sem-byr-ad-baki-gerd-a-nyrri-og-sjalfbaerri-laxveidia-a-islandi\\\/#breadcrumb\"},\"inLanguage\":\"en-GB\",\"potentialAction\":[{\"@type\":\"ReadAction\",\"target\":[\"https:\\\/\\\/laxakeldum.is\\\/aevintyrid-sem-byr-ad-baki-gerd-a-nyrri-og-sjalfbaerri-laxveidia-a-islandi\\\/\"]}]},{\"@type\":\"ImageObject\",\"inLanguage\":\"en-GB\",\"@id\":\"https:\\\/\\\/laxakeldum.is\\\/aevintyrid-sem-byr-ad-baki-gerd-a-nyrri-og-sjalfbaerri-laxveidia-a-islandi\\\/#primaryimage\",\"url\":\"https:\\\/\\\/laxakeldum.is\\\/wp-content\\\/uploads\\\/2024\\\/02\\\/Screenshot-2023-02-24-165814.jpg\",\"contentUrl\":\"https:\\\/\\\/laxakeldum.is\\\/wp-content\\\/uploads\\\/2024\\\/02\\\/Screenshot-2023-02-24-165814.jpg\",\"width\":1233,\"height\":684},{\"@type\":\"BreadcrumbList\",\"@id\":\"https:\\\/\\\/laxakeldum.is\\\/aevintyrid-sem-byr-ad-baki-gerd-a-nyrri-og-sjalfbaerri-laxveidia-a-islandi\\\/#breadcrumb\",\"itemListElement\":[{\"@type\":\"ListItem\",\"position\":1,\"name\":\"Home\",\"item\":\"https:\\\/\\\/laxakeldum.is\\\/\"},{\"@type\":\"ListItem\",\"position\":2,\"name\":\"\u00c6vint\u00fdri\u00f0 sem b\u00fdr a\u00f0 baki ger\u00f0 \u00e1 n\u00fdrri og sj\u00e1lfb\u00e6rri laxvei\u00f0i\u00e1 \u00e1 \u00cdslandi\"}]},{\"@type\":\"WebSite\",\"@id\":\"https:\\\/\\\/laxakeldum.is\\\/#website\",\"url\":\"https:\\\/\\\/laxakeldum.is\\\/\",\"name\":\"Lax\u00e1 \u00e1 Keldum\",\"description\":\"\",\"publisher\":{\"@id\":\"https:\\\/\\\/laxakeldum.is\\\/#organization\"},\"potentialAction\":[{\"@type\":\"SearchAction\",\"target\":{\"@type\":\"EntryPoint\",\"urlTemplate\":\"https:\\\/\\\/laxakeldum.is\\\/?s={search_term_string}\"},\"query-input\":{\"@type\":\"PropertyValueSpecification\",\"valueRequired\":true,\"valueName\":\"search_term_string\"}}],\"inLanguage\":\"en-GB\"},{\"@type\":\"Organization\",\"@id\":\"https:\\\/\\\/laxakeldum.is\\\/#organization\",\"name\":\"Lax\u00e1 \u00e1 Keldum\",\"url\":\"https:\\\/\\\/laxakeldum.is\\\/\",\"logo\":{\"@type\":\"ImageObject\",\"inLanguage\":\"en-GB\",\"@id\":\"https:\\\/\\\/laxakeldum.is\\\/#\\\/schema\\\/logo\\\/image\\\/\",\"url\":\"https:\\\/\\\/laxakeldum.is\\\/wp-content\\\/uploads\\\/2024\\\/01\\\/Laxa-a-Keldum-transparent.png\",\"contentUrl\":\"https:\\\/\\\/laxakeldum.is\\\/wp-content\\\/uploads\\\/2024\\\/01\\\/Laxa-a-Keldum-transparent.png\",\"width\":1000,\"height\":1000,\"caption\":\"Lax\u00e1 \u00e1 Keldum\"},\"image\":{\"@id\":\"https:\\\/\\\/laxakeldum.is\\\/#\\\/schema\\\/logo\\\/image\\\/\"}}]}<\/script>\n<!-- \/ Yoast SEO plugin. -->","yoast_head_json":{"title":"\u00c6vint\u00fdri\u00f0 sem b\u00fdr a\u00f0 baki ger\u00f0 \u00e1 n\u00fdrri og sj\u00e1lfb\u00e6rri laxvei\u00f0i\u00e1 \u00e1 \u00cdslandi - Lax\u00e1 \u00e1 Keldum","description":"\u00c6vint\u00fdri\u00f0 sem b\u00fdr a\u00f0 baki ger\u00f0 \u00e1 n\u00fdrri og sj\u00e1lfb\u00e6rri laxvei\u00f0i\u00e1 \u00e1 \u00cdslandi. Heimildarmynd \u00fear sem fylgst er me\u00f0 n\u00fdjum b\u00fasv\u00e6\u00f0um laxa \u00e1 \u00cdslandi.","robots":{"index":"index","follow":"follow","max-snippet":"max-snippet:-1","max-image-preview":"max-image-preview:large","max-video-preview":"max-video-preview:-1"},"canonical":"https:\/\/laxakeldum.is\/en\/aevintyrid-sem-byr-ad-baki-gerd-a-nyrri-og-sjalfbaerri-laxveidia-a-islandi\/","og_locale":"en_GB","og_type":"article","og_title":"\u00c6vint\u00fdri\u00f0 sem b\u00fdr a\u00f0 baki ger\u00f0 \u00e1 n\u00fdrri og sj\u00e1lfb\u00e6rri laxvei\u00f0i\u00e1 \u00e1 \u00cdslandi - Lax\u00e1 \u00e1 Keldum","og_description":"\u00c6vint\u00fdri\u00f0 sem b\u00fdr a\u00f0 baki ger\u00f0 \u00e1 n\u00fdrri og sj\u00e1lfb\u00e6rri laxvei\u00f0i\u00e1 \u00e1 \u00cdslandi. Heimildarmynd \u00fear sem fylgst er me\u00f0 n\u00fdjum b\u00fasv\u00e6\u00f0um laxa \u00e1 \u00cdslandi.","og_url":"https:\/\/laxakeldum.is\/en\/aevintyrid-sem-byr-ad-baki-gerd-a-nyrri-og-sjalfbaerri-laxveidia-a-islandi\/","og_site_name":"Lax\u00e1 \u00e1 Keldum","article_modified_time":"2025-02-02T19:45:53+00:00","og_image":[{"width":1233,"height":684,"url":"https:\/\/laxakeldum.is\/wp-content\/uploads\/2024\/02\/Screenshot-2023-02-24-165814.jpg","type":"image\/jpeg"}],"twitter_card":"summary_large_image","twitter_misc":{"Estimated reading time":"2 minutes"},"schema":{"@context":"https:\/\/schema.org","@graph":[{"@type":"WebPage","@id":"https:\/\/laxakeldum.is\/aevintyrid-sem-byr-ad-baki-gerd-a-nyrri-og-sjalfbaerri-laxveidia-a-islandi\/","url":"https:\/\/laxakeldum.is\/aevintyrid-sem-byr-ad-baki-gerd-a-nyrri-og-sjalfbaerri-laxveidia-a-islandi\/","name":"\u00c6vint\u00fdri\u00f0 sem b\u00fdr a\u00f0 baki ger\u00f0 \u00e1 n\u00fdrri og sj\u00e1lfb\u00e6rri laxvei\u00f0i\u00e1 \u00e1 \u00cdslandi - Lax\u00e1 \u00e1 Keldum","isPartOf":{"@id":"https:\/\/laxakeldum.is\/#website"},"primaryImageOfPage":{"@id":"https:\/\/laxakeldum.is\/aevintyrid-sem-byr-ad-baki-gerd-a-nyrri-og-sjalfbaerri-laxveidia-a-islandi\/#primaryimage"},"image":{"@id":"https:\/\/laxakeldum.is\/aevintyrid-sem-byr-ad-baki-gerd-a-nyrri-og-sjalfbaerri-laxveidia-a-islandi\/#primaryimage"},"thumbnailUrl":"https:\/\/laxakeldum.is\/wp-content\/uploads\/2024\/02\/Screenshot-2023-02-24-165814.jpg","datePublished":"2024-02-18T00:25:45+00:00","dateModified":"2025-02-02T19:45:53+00:00","description":"\u00c6vint\u00fdri\u00f0 sem b\u00fdr a\u00f0 baki ger\u00f0 \u00e1 n\u00fdrri og sj\u00e1lfb\u00e6rri laxvei\u00f0i\u00e1 \u00e1 \u00cdslandi. Heimildarmynd \u00fear sem fylgst er me\u00f0 n\u00fdjum b\u00fasv\u00e6\u00f0um laxa \u00e1 \u00cdslandi.","breadcrumb":{"@id":"https:\/\/laxakeldum.is\/aevintyrid-sem-byr-ad-baki-gerd-a-nyrri-og-sjalfbaerri-laxveidia-a-islandi\/#breadcrumb"},"inLanguage":"en-GB","potentialAction":[{"@type":"ReadAction","target":["https:\/\/laxakeldum.is\/aevintyrid-sem-byr-ad-baki-gerd-a-nyrri-og-sjalfbaerri-laxveidia-a-islandi\/"]}]},{"@type":"ImageObject","inLanguage":"en-GB","@id":"https:\/\/laxakeldum.is\/aevintyrid-sem-byr-ad-baki-gerd-a-nyrri-og-sjalfbaerri-laxveidia-a-islandi\/#primaryimage","url":"https:\/\/laxakeldum.is\/wp-content\/uploads\/2024\/02\/Screenshot-2023-02-24-165814.jpg","contentUrl":"https:\/\/laxakeldum.is\/wp-content\/uploads\/2024\/02\/Screenshot-2023-02-24-165814.jpg","width":1233,"height":684},{"@type":"BreadcrumbList","@id":"https:\/\/laxakeldum.is\/aevintyrid-sem-byr-ad-baki-gerd-a-nyrri-og-sjalfbaerri-laxveidia-a-islandi\/#breadcrumb","itemListElement":[{"@type":"ListItem","position":1,"name":"Home","item":"https:\/\/laxakeldum.is\/"},{"@type":"ListItem","position":2,"name":"\u00c6vint\u00fdri\u00f0 sem b\u00fdr a\u00f0 baki ger\u00f0 \u00e1 n\u00fdrri og sj\u00e1lfb\u00e6rri laxvei\u00f0i\u00e1 \u00e1 \u00cdslandi"}]},{"@type":"WebSite","@id":"https:\/\/laxakeldum.is\/#website","url":"https:\/\/laxakeldum.is\/","name":"Laxa a Keldum","description":"","publisher":{"@id":"https:\/\/laxakeldum.is\/#organization"},"potentialAction":[{"@type":"SearchAction","target":{"@type":"EntryPoint","urlTemplate":"https:\/\/laxakeldum.is\/?s={search_term_string}"},"query-input":{"@type":"PropertyValueSpecification","valueRequired":true,"valueName":"search_term_string"}}],"inLanguage":"en-GB"},{"@type":"Organization","@id":"https:\/\/laxakeldum.is\/#organization","name":"Laxa a Keldum","url":"https:\/\/laxakeldum.is\/","logo":{"@type":"ImageObject","inLanguage":"en-GB","@id":"https:\/\/laxakeldum.is\/#\/schema\/logo\/image\/","url":"https:\/\/laxakeldum.is\/wp-content\/uploads\/2024\/01\/Laxa-a-Keldum-transparent.png","contentUrl":"https:\/\/laxakeldum.is\/wp-content\/uploads\/2024\/01\/Laxa-a-Keldum-transparent.png","width":1000,"height":1000,"caption":"Lax\u00e1 \u00e1 Keldum"},"image":{"@id":"https:\/\/laxakeldum.is\/#\/schema\/logo\/image\/"}}]}},"_links":{"self":[{"href":"https:\/\/laxakeldum.is\/en\/wp-json\/wp\/v2\/pages\/1006","targetHints":{"allow":["GET"]}}],"collection":[{"href":"https:\/\/laxakeldum.is\/en\/wp-json\/wp\/v2\/pages"}],"about":[{"href":"https:\/\/laxakeldum.is\/en\/wp-json\/wp\/v2\/types\/page"}],"author":[{"embeddable":true,"href":"https:\/\/laxakeldum.is\/en\/wp-json\/wp\/v2\/users\/3"}],"replies":[{"embeddable":true,"href":"https:\/\/laxakeldum.is\/en\/wp-json\/wp\/v2\/comments?post=1006"}],"version-history":[{"count":8,"href":"https:\/\/laxakeldum.is\/en\/wp-json\/wp\/v2\/pages\/1006\/revisions"}],"predecessor-version":[{"id":1412,"href":"https:\/\/laxakeldum.is\/en\/wp-json\/wp\/v2\/pages\/1006\/revisions\/1412"}],"wp:featuredmedia":[{"embeddable":true,"href":"https:\/\/laxakeldum.is\/en\/wp-json\/wp\/v2\/media\/968"}],"wp:attachment":[{"href":"https:\/\/laxakeldum.is\/en\/wp-json\/wp\/v2\/media?parent=1006"}],"curies":[{"name":"wp","href":"https:\/\/api.w.org\/{rel}","templated":true}]}}