{"id":1413,"date":"2025-02-06T11:09:30","date_gmt":"2025-02-06T11:09:30","guid":{"rendered":"https:\/\/laxakeldum.is\/?page_id=1413"},"modified":"2025-02-06T11:44:23","modified_gmt":"2025-02-06T11:44:23","slug":"rannsoknir","status":"publish","type":"page","link":"https:\/\/laxakeldum.is\/en\/rannsoknir\/","title":{"rendered":"Research"},"content":{"rendered":"<p class=\"wp-block-paragraph\"><\/p>\n\n\n\n\n\n<p class=\"wp-block-paragraph\">Here we publish articles about research by the Icelandic Fisheries Agency and other reports from the Rang\u00e1r\u00feing water area.<\/p>\n\n\n\n<p class=\"wp-block-paragraph\">J<strong>\u00f3hannes Sturlaugsson \u2013 Bj\u00f6rn Theod\u00f3rsson<\/strong><\/p>\n\n\n\n<p class=\"wp-block-paragraph\">Studies from 2021-2023 showed that the area of Eystri-Rang\u00e1 River above Tungufoss is suitable for salmon after they pass Teitsv\u00f6tn, a spring-fed river. Eystri-Rang\u00e1 River is becoming an important habitat for salmon, and this is great news for those working to build a sustainable salmon population in the area. Fishing rights holders below Tungufoss are also happy, as their interests are aligned.\nSeveral exciting projects are on the way. Our focus is on creating the best conditions for young salmon to thrive in the area above Tungufoss. We also need to complete the \ufb01sh passage that will allow salmon to return from the sea to their new spawning ground.<\/p>\n\n\n\n<p class=\"wp-block-paragraph\"><strong>Fish passage construction<\/strong><br>Tungufoss waterfall is 4 meters tall while the highest registered salmon jump is 3.5 meters, on average the \ufb01sh jumps up to 2 meters. This makes it nearly impossible for salmon to travel up the natural barrier.\nAt Keldur, just below Tungufoss, a ravine opens up toward the river, providing an ideal starting point for the \ufb01sh passage. According to the initial design, the \ufb01sh passage would go through a rock barrier that would be split open, eventually allowing the passage to emerge about 40 meters above Tungufoss.\nWe can ensure salmon migration to their new habitat by diverting a limited amount of water from Eystri-Rang\u00e1 into this channel. This slight change will also guarantee the sustainability of the Eystri-Rang\u00e1 salmon population.\nLet\u2019s keep in mind that this \ufb01sh passage project is one of the \ufb01rst steps in \ufb01sh farming efforts.\nMore detailed plans will be explained in a separate report.\nAs part of this initiative, project leaders have already presented the preliminary drafts and submitted a report to the Fish Farming Fund.<\/p>\n\n\n\n<p class=\"wp-block-paragraph\"><\/p>\n\n\n\n<p class=\"wp-block-paragraph\">Bj\u00f6rn Theod\u00f3rsson: Aquaculture scientist<\/p>\n\n\n\n<p class=\"wp-block-paragraph\">When the fishway is in place, salmon will be able to sustainably migrate up the river and use the area for habitat and spawning. We are looking at the long term here, defining goals and working on them since 2021. This is a much more sophisticated approach than I have seen in a long time. It is a great defensive victory to find a water system that is the same length as three times the length of the Elli\u00f0a\u00e1rnar or Lax\u00e1 \u00ed Leir\u00e1rsveiit. The first cohort of sustainable salmon fry has already migrated down the river to the sea and the first salmon are expected to return this summer. The salmon desperately want to get up to their habitat and the fishway is their way there. This project is probably one of the largest in the promotion of new habitats and the expansion of the Icelandic salmon stock.<\/p>\n\n\n\n<figure class=\"wp-block-image size-full\"><img loading=\"lazy\" decoding=\"async\" width=\"1132\" height=\"800\" src=\"https:\/\/laxakeldum.is\/wp-content\/uploads\/2025\/02\/image.png\" alt=\"\" class=\"wp-image-1428\"\/><\/figure>\n\n\n\n<figure class=\"wp-block-embed is-type-video is-provider-youtube wp-block-embed-youtube wp-embed-aspect-16-9 wp-has-aspect-ratio\"><div class=\"wp-block-embed__wrapper\">\n<iframe loading=\"lazy\" title=\"Lax\u00e1 \u00e1 Keldum Trailer #3 J\u00f3hannes og Bj\u00f6rn Theod\u00f3rsson\" width=\"1020\" height=\"574\" src=\"https:\/\/www.youtube.com\/embed\/PAXutIu9_68?feature=oembed\" frameborder=\"0\" allow=\"accelerometer; autoplay; clipboard-write; encrypted-media; gyroscope; picture-in-picture; web-share\" referrerpolicy=\"strict-origin-when-cross-origin\" allowfullscreen><\/iframe>\n<\/div><\/figure>\n\n\n\n<h2 class=\"wp-block-heading\">Hafranns\u00f3knarstofnun og ranns\u00f3knir 2013<\/h2>\n\n\n\n<p class=\"wp-block-paragraph\"><a href=\"https:\/\/laxakeldum.is\/en\/seidarannsoknir-eystri-ranga-arid-2013\/\">Smelltu h\u00e9r til a\u00f0 lesa sk\u00fdrslu Hafranns\u00f3knarstofnunar \u00ed textaformi af vef:<\/a><\/p>\n\n\n\n<div data-wp-interactive=\"core\/file\" class=\"wp-block-file\"><object data-wp-bind--hidden=\"!state.hasPdfPreview\" hidden class=\"wp-block-file__embed\" data=\"https:\/\/laxakeldum.is\/wp-content\/uploads\/2025\/02\/E-Ranga-efri-hluti-fiskraekt-ums-Hafro-20242.pdf\" type=\"application\/pdf\" style=\"width:100%;height:600px\" aria-label=\"Embed of E-Rang\u00e1 efri hluti fiskr\u00e6kt ums Hafro 2024(2).\"><\/object><a id=\"wp-block-file--media-91023d5b-6d71-4faa-8e4a-44569333b20e\" href=\"https:\/\/laxakeldum.is\/wp-content\/uploads\/2025\/02\/E-Ranga-efri-hluti-fiskraekt-ums-Hafro-20242.pdf\">E-Rang\u00e1 efri hluti fiskr\u00e6kt ums Hafro 2024(2)<\/a><a href=\"https:\/\/laxakeldum.is\/wp-content\/uploads\/2025\/02\/E-Ranga-efri-hluti-fiskraekt-ums-Hafro-20242.pdf\" class=\"wp-block-file__button wp-element-button\" download aria-describedby=\"wp-block-file--media-91023d5b-6d71-4faa-8e4a-44569333b20e\">Download<\/a><\/div>\n\n\n\n<div data-wp-interactive=\"core\/file\" class=\"wp-block-file\"><object data-wp-bind--hidden=\"!state.hasPdfPreview\" hidden class=\"wp-block-file__embed\" data=\"https:\/\/laxakeldum.is\/wp-content\/uploads\/2025\/02\/Landna\u0301m-lax-ofan-Tungufoss-i\u0301-Eystri-Ranga\u0301-a\u0301-grunni-fiskvegagerdar-og-fiskiraektar-Johannes-Sturlaugsson-og-Bjorn-Theodorsson-Laxfiskar1.pdf\" type=\"application\/pdf\" style=\"width:100%;height:600px\" aria-label=\"Embed of Landna\u0301m lax ofan Tungufoss i\u0301 Eystri-Ranga\u0301 a\u0301 grunni fiskvegager\u00f0ar og fiskir\u00e6ktar-Johannes Sturlaugsson og Bjorn Theodorsson- Laxfiskar(1).\"><\/object><a id=\"wp-block-file--media-8840e588-dd80-4556-b88c-6509a8526368\" href=\"https:\/\/laxakeldum.is\/wp-content\/uploads\/2025\/02\/Landna\u0301m-lax-ofan-Tungufoss-i\u0301-Eystri-Ranga\u0301-a\u0301-grunni-fiskvegagerdar-og-fiskiraektar-Johannes-Sturlaugsson-og-Bjorn-Theodorsson-Laxfiskar1.pdf\">Landna\u0301m lax ofan Tungufoss i\u0301 Eystri-Ranga\u0301 a\u0301 grunni fiskvegager\u00f0ar og fiskir\u00e6ktar-Johannes Sturlaugsson og Bjorn Theodorsson- Laxfiskar(1)<\/a><a href=\"https:\/\/laxakeldum.is\/wp-content\/uploads\/2025\/02\/Landna\u0301m-lax-ofan-Tungufoss-i\u0301-Eystri-Ranga\u0301-a\u0301-grunni-fiskvegagerdar-og-fiskiraektar-Johannes-Sturlaugsson-og-Bjorn-Theodorsson-Laxfiskar1.pdf\" class=\"wp-block-file__button wp-element-button\" download aria-describedby=\"wp-block-file--media-8840e588-dd80-4556-b88c-6509a8526368\">Download<\/a><\/div>","protected":false},"excerpt":{"rendered":"<p>H\u00e9r birtum vi\u00f0 greinar um ranns\u00f3knir Vei\u00f0im\u00e1lastofnunar og a\u00f0rar sk\u00fdrslur af vatnasv\u00e6\u00f0i Rang\u00e1r\u00feings. J\u00f3hannes Sturlaugsson \u2013 Bj\u00f6rn Theod\u00f3rsson Forathuganir 2021-2023 v\u00edsa til \u00feess a\u00f0 \u00e1rsv\u00e6\u00f0i\u00f0 ofan Tungufoss \u00ed Eystri-Rang\u00e1 henti laxi \u00feegar komi\u00f0 er upp fyrir lind\u00e1na Teitsv\u00f6tn. \u00deetta eru uppl\u00fdsingar sem gle\u00f0ja \u00fe\u00e1 sem standa a\u00f0 \u00fev\u00ed a\u00f0 koma upp sj\u00e1lb\u00e6rum laxastofni \u00ed \u00feessari [&#8230;]\n","protected":false},"author":1,"featured_media":0,"parent":0,"menu_order":0,"comment_status":"closed","ping_status":"closed","template":"","meta":{"_crdt_document":"","_monsterinsights_skip_tracking":false,"_monsterinsights_sitenote_active":false,"_monsterinsights_sitenote_note":"","_monsterinsights_sitenote_category":0,"footnotes":""},"class_list":["post-1413","page","type-page","status-publish","hentry"],"yoast_head":"<!-- This site is optimized with the Yoast SEO plugin v27.5 - https:\/\/yoast.com\/product\/yoast-seo-wordpress\/ -->\n<title>Ranns\u00f3knir - Lax\u00e1 \u00e1 Keldum<\/title>\n<meta name=\"robots\" content=\"index, follow, max-snippet:-1, max-image-preview:large, max-video-preview:-1\" \/>\n<link rel=\"canonical\" href=\"https:\/\/laxakeldum.is\/en\/rannsoknir\/\" \/>\n<meta property=\"og:locale\" content=\"en_GB\" \/>\n<meta property=\"og:type\" content=\"article\" \/>\n<meta property=\"og:title\" content=\"Ranns\u00f3knir - Lax\u00e1 \u00e1 Keldum\" \/>\n<meta property=\"og:description\" content=\"H\u00e9r birtum vi\u00f0 greinar um ranns\u00f3knir Vei\u00f0im\u00e1lastofnunar og a\u00f0rar sk\u00fdrslur af vatnasv\u00e6\u00f0i Rang\u00e1r\u00feings. J\u00f3hannes Sturlaugsson \u2013 Bj\u00f6rn Theod\u00f3rsson Forathuganir 2021-2023 v\u00edsa til \u00feess a\u00f0 \u00e1rsv\u00e6\u00f0i\u00f0 ofan Tungufoss \u00ed Eystri-Rang\u00e1 henti laxi \u00feegar komi\u00f0 er upp fyrir lind\u00e1na Teitsv\u00f6tn. \u00deetta eru uppl\u00fdsingar sem gle\u00f0ja \u00fe\u00e1 sem standa a\u00f0 \u00fev\u00ed a\u00f0 koma upp sj\u00e1lb\u00e6rum laxastofni \u00ed \u00feessari [...]\" \/>\n<meta property=\"og:url\" content=\"https:\/\/laxakeldum.is\/en\/rannsoknir\/\" \/>\n<meta property=\"og:site_name\" content=\"Lax\u00e1 \u00e1 Keldum\" \/>\n<meta property=\"article:modified_time\" content=\"2025-02-06T11:44:23+00:00\" \/>\n<meta property=\"og:image\" content=\"https:\/\/laxakeldum.is\/wp-content\/uploads\/2025\/02\/image.png\" \/>\n\t<meta property=\"og:image:width\" content=\"1132\" \/>\n\t<meta property=\"og:image:height\" content=\"800\" \/>\n\t<meta property=\"og:image:type\" content=\"image\/png\" \/>\n<meta name=\"twitter:card\" content=\"summary_large_image\" \/>\n<meta name=\"twitter:label1\" content=\"Estimated reading time\" \/>\n\t<meta name=\"twitter:data1\" content=\"3 minutes\" \/>\n<script type=\"application\/ld+json\" class=\"yoast-schema-graph\">{\"@context\":\"https:\\\/\\\/schema.org\",\"@graph\":[{\"@type\":\"WebPage\",\"@id\":\"https:\\\/\\\/laxakeldum.is\\\/rannsoknir\\\/\",\"url\":\"https:\\\/\\\/laxakeldum.is\\\/rannsoknir\\\/\",\"name\":\"Ranns\u00f3knir - Lax\u00e1 \u00e1 Keldum\",\"isPartOf\":{\"@id\":\"https:\\\/\\\/laxakeldum.is\\\/#website\"},\"primaryImageOfPage\":{\"@id\":\"https:\\\/\\\/laxakeldum.is\\\/rannsoknir\\\/#primaryimage\"},\"image\":{\"@id\":\"https:\\\/\\\/laxakeldum.is\\\/rannsoknir\\\/#primaryimage\"},\"thumbnailUrl\":\"https:\\\/\\\/laxakeldum.is\\\/wp-content\\\/uploads\\\/2025\\\/02\\\/image.png\",\"datePublished\":\"2025-02-06T11:09:30+00:00\",\"dateModified\":\"2025-02-06T11:44:23+00:00\",\"breadcrumb\":{\"@id\":\"https:\\\/\\\/laxakeldum.is\\\/rannsoknir\\\/#breadcrumb\"},\"inLanguage\":\"en-GB\",\"potentialAction\":[{\"@type\":\"ReadAction\",\"target\":[\"https:\\\/\\\/laxakeldum.is\\\/rannsoknir\\\/\"]}]},{\"@type\":\"ImageObject\",\"inLanguage\":\"en-GB\",\"@id\":\"https:\\\/\\\/laxakeldum.is\\\/rannsoknir\\\/#primaryimage\",\"url\":\"https:\\\/\\\/laxakeldum.is\\\/wp-content\\\/uploads\\\/2025\\\/02\\\/image.png\",\"contentUrl\":\"https:\\\/\\\/laxakeldum.is\\\/wp-content\\\/uploads\\\/2025\\\/02\\\/image.png\"},{\"@type\":\"BreadcrumbList\",\"@id\":\"https:\\\/\\\/laxakeldum.is\\\/rannsoknir\\\/#breadcrumb\",\"itemListElement\":[{\"@type\":\"ListItem\",\"position\":1,\"name\":\"Home\",\"item\":\"https:\\\/\\\/laxakeldum.is\\\/\"},{\"@type\":\"ListItem\",\"position\":2,\"name\":\"Ranns\u00f3knir\"}]},{\"@type\":\"WebSite\",\"@id\":\"https:\\\/\\\/laxakeldum.is\\\/#website\",\"url\":\"https:\\\/\\\/laxakeldum.is\\\/\",\"name\":\"Lax\u00e1 \u00e1 Keldum\",\"description\":\"\",\"publisher\":{\"@id\":\"https:\\\/\\\/laxakeldum.is\\\/#organization\"},\"potentialAction\":[{\"@type\":\"SearchAction\",\"target\":{\"@type\":\"EntryPoint\",\"urlTemplate\":\"https:\\\/\\\/laxakeldum.is\\\/?s={search_term_string}\"},\"query-input\":{\"@type\":\"PropertyValueSpecification\",\"valueRequired\":true,\"valueName\":\"search_term_string\"}}],\"inLanguage\":\"en-GB\"},{\"@type\":\"Organization\",\"@id\":\"https:\\\/\\\/laxakeldum.is\\\/#organization\",\"name\":\"Lax\u00e1 \u00e1 Keldum\",\"url\":\"https:\\\/\\\/laxakeldum.is\\\/\",\"logo\":{\"@type\":\"ImageObject\",\"inLanguage\":\"en-GB\",\"@id\":\"https:\\\/\\\/laxakeldum.is\\\/#\\\/schema\\\/logo\\\/image\\\/\",\"url\":\"https:\\\/\\\/laxakeldum.is\\\/wp-content\\\/uploads\\\/2024\\\/01\\\/Laxa-a-Keldum-transparent.png\",\"contentUrl\":\"https:\\\/\\\/laxakeldum.is\\\/wp-content\\\/uploads\\\/2024\\\/01\\\/Laxa-a-Keldum-transparent.png\",\"width\":1000,\"height\":1000,\"caption\":\"Lax\u00e1 \u00e1 Keldum\"},\"image\":{\"@id\":\"https:\\\/\\\/laxakeldum.is\\\/#\\\/schema\\\/logo\\\/image\\\/\"}}]}<\/script>\n<!-- \/ Yoast SEO plugin. -->","yoast_head_json":{"title":"Ranns\u00f3knir - Lax\u00e1 \u00e1 Keldum","robots":{"index":"index","follow":"follow","max-snippet":"max-snippet:-1","max-image-preview":"max-image-preview:large","max-video-preview":"max-video-preview:-1"},"canonical":"https:\/\/laxakeldum.is\/en\/rannsoknir\/","og_locale":"en_GB","og_type":"article","og_title":"Ranns\u00f3knir - Lax\u00e1 \u00e1 Keldum","og_description":"H\u00e9r birtum vi\u00f0 greinar um ranns\u00f3knir Vei\u00f0im\u00e1lastofnunar og a\u00f0rar sk\u00fdrslur af vatnasv\u00e6\u00f0i Rang\u00e1r\u00feings. J\u00f3hannes Sturlaugsson \u2013 Bj\u00f6rn Theod\u00f3rsson Forathuganir 2021-2023 v\u00edsa til \u00feess a\u00f0 \u00e1rsv\u00e6\u00f0i\u00f0 ofan Tungufoss \u00ed Eystri-Rang\u00e1 henti laxi \u00feegar komi\u00f0 er upp fyrir lind\u00e1na Teitsv\u00f6tn. \u00deetta eru uppl\u00fdsingar sem gle\u00f0ja \u00fe\u00e1 sem standa a\u00f0 \u00fev\u00ed a\u00f0 koma upp sj\u00e1lb\u00e6rum laxastofni \u00ed \u00feessari [...]","og_url":"https:\/\/laxakeldum.is\/en\/rannsoknir\/","og_site_name":"Lax\u00e1 \u00e1 Keldum","article_modified_time":"2025-02-06T11:44:23+00:00","og_image":[{"width":1132,"height":800,"url":"https:\/\/laxakeldum.is\/wp-content\/uploads\/2025\/02\/image.png","type":"image\/png"}],"twitter_card":"summary_large_image","twitter_misc":{"Estimated reading time":"3 minutes"},"schema":{"@context":"https:\/\/schema.org","@graph":[{"@type":"WebPage","@id":"https:\/\/laxakeldum.is\/rannsoknir\/","url":"https:\/\/laxakeldum.is\/rannsoknir\/","name":"Ranns\u00f3knir - Lax\u00e1 \u00e1 Keldum","isPartOf":{"@id":"https:\/\/laxakeldum.is\/#website"},"primaryImageOfPage":{"@id":"https:\/\/laxakeldum.is\/rannsoknir\/#primaryimage"},"image":{"@id":"https:\/\/laxakeldum.is\/rannsoknir\/#primaryimage"},"thumbnailUrl":"https:\/\/laxakeldum.is\/wp-content\/uploads\/2025\/02\/image.png","datePublished":"2025-02-06T11:09:30+00:00","dateModified":"2025-02-06T11:44:23+00:00","breadcrumb":{"@id":"https:\/\/laxakeldum.is\/rannsoknir\/#breadcrumb"},"inLanguage":"en-GB","potentialAction":[{"@type":"ReadAction","target":["https:\/\/laxakeldum.is\/rannsoknir\/"]}]},{"@type":"ImageObject","inLanguage":"en-GB","@id":"https:\/\/laxakeldum.is\/rannsoknir\/#primaryimage","url":"https:\/\/laxakeldum.is\/wp-content\/uploads\/2025\/02\/image.png","contentUrl":"https:\/\/laxakeldum.is\/wp-content\/uploads\/2025\/02\/image.png"},{"@type":"BreadcrumbList","@id":"https:\/\/laxakeldum.is\/rannsoknir\/#breadcrumb","itemListElement":[{"@type":"ListItem","position":1,"name":"Home","item":"https:\/\/laxakeldum.is\/"},{"@type":"ListItem","position":2,"name":"Ranns\u00f3knir"}]},{"@type":"WebSite","@id":"https:\/\/laxakeldum.is\/#website","url":"https:\/\/laxakeldum.is\/","name":"Laxa a Keldum","description":"","publisher":{"@id":"https:\/\/laxakeldum.is\/#organization"},"potentialAction":[{"@type":"SearchAction","target":{"@type":"EntryPoint","urlTemplate":"https:\/\/laxakeldum.is\/?s={search_term_string}"},"query-input":{"@type":"PropertyValueSpecification","valueRequired":true,"valueName":"search_term_string"}}],"inLanguage":"en-GB"},{"@type":"Organization","@id":"https:\/\/laxakeldum.is\/#organization","name":"Laxa a Keldum","url":"https:\/\/laxakeldum.is\/","logo":{"@type":"ImageObject","inLanguage":"en-GB","@id":"https:\/\/laxakeldum.is\/#\/schema\/logo\/image\/","url":"https:\/\/laxakeldum.is\/wp-content\/uploads\/2024\/01\/Laxa-a-Keldum-transparent.png","contentUrl":"https:\/\/laxakeldum.is\/wp-content\/uploads\/2024\/01\/Laxa-a-Keldum-transparent.png","width":1000,"height":1000,"caption":"Lax\u00e1 \u00e1 Keldum"},"image":{"@id":"https:\/\/laxakeldum.is\/#\/schema\/logo\/image\/"}}]}},"_links":{"self":[{"href":"https:\/\/laxakeldum.is\/en\/wp-json\/wp\/v2\/pages\/1413","targetHints":{"allow":["GET"]}}],"collection":[{"href":"https:\/\/laxakeldum.is\/en\/wp-json\/wp\/v2\/pages"}],"about":[{"href":"https:\/\/laxakeldum.is\/en\/wp-json\/wp\/v2\/types\/page"}],"author":[{"embeddable":true,"href":"https:\/\/laxakeldum.is\/en\/wp-json\/wp\/v2\/users\/1"}],"replies":[{"embeddable":true,"href":"https:\/\/laxakeldum.is\/en\/wp-json\/wp\/v2\/comments?post=1413"}],"version-history":[{"count":3,"href":"https:\/\/laxakeldum.is\/en\/wp-json\/wp\/v2\/pages\/1413\/revisions"}],"predecessor-version":[{"id":1429,"href":"https:\/\/laxakeldum.is\/en\/wp-json\/wp\/v2\/pages\/1413\/revisions\/1429"}],"wp:attachment":[{"href":"https:\/\/laxakeldum.is\/en\/wp-json\/wp\/v2\/media?parent=1413"}],"curies":[{"name":"wp","href":"https:\/\/api.w.org\/{rel}","templated":true}]}}