{"id":95,"date":"2013-08-11T19:06:15","date_gmt":"2013-08-11T19:06:15","guid":{"rendered":"http:\/\/localhost:8888\/test\/?page_id=520"},"modified":"2025-01-06T21:24:33","modified_gmt":"2025-01-06T21:24:33","slug":"um-okkur","status":"publish","type":"page","link":"https:\/\/laxakeldum.is\/en\/um-okkur\/","title":{"rendered":"Um okkur"},"content":{"rendered":"<div class=\"banner has-hover has-parallax\" id=\"banner-2140542634\">\n          <div class=\"banner-inner fill\">\n        <div class=\"banner-bg fill\" data-parallax=\"-3\" data-parallax-container=\".banner\" data-parallax-background>\n            <img loading=\"lazy\" decoding=\"async\" width=\"959\" height=\"1279\" src=\"https:\/\/laxakeldum.is\/wp-content\/uploads\/2024\/01\/20220723_161007-1-1.jpg\" class=\"bg attachment-original size-original\" alt=\"\" \/>                        <div class=\"overlay\"><\/div>            \n                    <\/div>\n\t\t\n        <div class=\"banner-layers container\">\n            <div class=\"fill banner-link\"><\/div>            \n\n   <div id=\"text-box-103999799\" class=\"text-box banner-layer x50 md-x50 lg-x50 y80 md-y80 lg-y80 res-text\">\n                                <div class=\"text-box-content text dark\">\n              \n              <div class=\"text-inner text-center\">\n                  \n\n<h1 class=\"lead\">Um okkur<\/h1>\n<p class=\"lead\">\u00d6rl\u00edti\u00f0 um okkur og verkefni\u00f0\u00a0<\/p>\n\n              <\/div>\n           <\/div>\n                            \n<style>\n#text-box-103999799 {\n  width: 60%;\n}\n#text-box-103999799 .text-box-content {\n  font-size: 100%;\n}\n<\/style>\n    <\/div>\n \n\n        <\/div>\n      <\/div>\n\n            \n<style>\n#banner-2140542634 {\n  padding-top: 507px;\n}\n#banner-2140542634 .overlay {\n  background-color: rgba(0, 0, 0, 0.49);\n}\n<\/style>\n  <\/div>\n\n\n<div class=\"row\"  id=\"row-899244229\">\n\n\n\t<div id=\"col-487552286\" class=\"col small-12 large-12\"  >\n\t\t\t\t<div class=\"col-inner\"  >\n\t\t\t\n\t\t\t\n\n<p class=\"lead text-center\"><b>Draumurinn um \u00e1na og a\u00f0 efla villta laxinn okkar.<\/b><\/p>\n<p>Fr\u00e1 \u00fev\u00ed \u00e9g var l\u00edtill polli hef \u00e9g veri\u00f0 me\u00f0 \u00f3afturkr\u00e6fa vei\u00f0idellu og j\u00e1ta \u00fea\u00f0 segir Gu\u00f0mundur Ingi Hjartarson e\u00f0a Dommi eins og hann er kalla\u00f0ur. \u00c9g vissi \u00fea\u00f0 ekki \u00fe\u00e1 sem 10 \u00e1ra gutti a\u00f0 \u00e1in vi\u00f0 Keldur v\u00e6ri a\u00f0 mestu fisklaus \u00fear sem Tungufoss hamlar \u00fev\u00ed a\u00f0 laxinn komist upp \u00e1 \u00feessi sv\u00e6\u00f0i.\u00a0<\/p>\n<p><strong>Vi\u00f0 heyskap<\/strong><\/p>\n<p>Vi\u00f0 vorum einu sinni vi\u00f0 heyskap vi\u00f0 Hald og \u00fe\u00e1 s\u00e1 \u00e9g alla \u00feessa d\u00fdr\u00f0. Haldfossarnir \u00ed \u00f6lli s\u00ednu veldi og \u00fear r\u00e9tt hj\u00e1 gamall \u00e1rfarvegur sem var \u00feorna\u00f0ur upp\u00a0 Fyrir ne\u00f0an rennur Keldnal\u00e6kur \u00fear vi\u00f0 r\u00e9tt fyrir ne\u00f0an me\u00f0 s\u00ednar lind\u00e1ruppsprettur\u00a0 \u00a0\u00c9g st\u00f3\u00f0st ekki m\u00e1ti\u00f0 og hlj\u00f3p ni\u00f0ur a\u00f0 \u00e1 og busla\u00f0i \u00fear \u00ed sm\u00e1stund.\u00a0 L\u00fd\u00f0ur fr\u00e6ndi minn, fa\u00f0ir hans Sk\u00fal\u00ed L\u00fd\u00f0sson og Pabbi k\u00f6llu\u00f0u \u00e1 mig og s\u00f6g\u00f0u m\u00e9r a\u00f0 koma til baka.\u00a0 Hva\u00f0 varstu eiginlega a\u00f0 gera \u00fearna spur\u00f0u \u00feeir? &#8222;\u00c9g var bara a\u00f0 athuga hvort \u00fea\u00f0 v\u00e6ri fiskur \u00fearna.&#8220;\u00a0 Sk\u00fali sag\u00f0i m\u00e9r a\u00f0 \u00fea\u00f0 v\u00e6ri ekki fiskur \u00ed \u00feessari \u00e1. Og hva\u00f0 stoppar \u00fea\u00f0 spur\u00f0i \u00e9g.\u00a0 Allar \u00e1r eru me\u00f0 fiskum \u00ed h\u00e9lt \u00e9g fram.\u00a0 &#8222;Tungufossinn stoppar&#8220;\u00a0 \u00fea\u00f0 sag\u00f0i Sk\u00fali aftur.\u00a0 \u00c9g hugsa\u00f0i lengi um \u00feetta og gat aldrei h\u00e6tt a\u00f0 hugsa um \u00feetta.\u00a0 \u00deessi \u00e1 me\u00f0 Keldnal\u00e6k og Teitsv\u00f6tnin sitt hvorum megin me\u00f0 s\u00ednar gr\u00ed\u00f0arlegu lind\u00e1rsuppprettur.\u00a0 Vatnasv\u00e6\u00f0i\u00f0 er yfir 25km sv\u00e6\u00f0i.<\/p>\n<p><strong>Keldnal\u00e6kur<\/strong><\/p>\n<p>Nokkrum \u00e1rum s\u00ed\u00f0ar \u00fe\u00e1 f\u00f3r \u00e9g \u00fat\u00ed Hald me\u00f0 Sigga m\u00e1gi m\u00ednum a\u00f0 skj\u00f3ta g\u00e6sir. \u00c1 lei\u00f0inni tilbaka kom \u00e9g vi\u00f0 \u00ed Keldnal\u00e6k og \u00f3\u00f0 \u00fear \u00fat \u00ed.\u00a0 Fann \u00fear ca. punds bleikju og sag\u00f0i Dr\u00edfu systur minni og Sk\u00fala fr\u00e1 \u00fev\u00ed.\u00a0 \u00deau horf\u00f0u \u00e1 hvort anna\u00f0 og s\u00f6g\u00f0u \u00fea\u00f0 g\u00e6ti ekki veri\u00f0.\u00a0 &#8222;\u00dea\u00f0 hefur einhver fugl flogi\u00f0 me\u00f0 hann \u00fearna yfir og misst hann sag\u00f0i Dr\u00edfa.<\/p>\n<p>L\u00fd\u00f0ur fr\u00e6ndi minn, elsti sonur Dr\u00edfu og Sk\u00fala \u00e1 Keldum \u00feekkir hvern h\u00f3l og hverja \u00fe\u00fafu \u00e1 \u00feessu sv\u00e6\u00f0i.\u00a0 Keldur, Foss, \u00c1rb\u00e6r, Reynifell eiga s\u00e9r mikla s\u00f6gu \u00fearna eins og flestir \u00feekkja.\u00a0<\/p>\n<p>Keldur kemur vi\u00f0 s\u00f6gu \u00ed nokkrum af \u00feekktustu b\u00f3kum \u00cdslendinga, m.a. Brennu-Nj\u00e1ls s\u00f6gu, Sturlunga s\u00f6gu og \u00deorl\u00e1ks s\u00f6gu en fyrsti \u00e1b\u00faandi Keldna var landn\u00e1msma\u00f0urinn Ingjaldur H\u00f6skuldsson sem kemur vi\u00f0 s\u00f6gu \u00ed Nj\u00e1lu.\u00a0\u00a0\u00dear var jafnframt eitt af h\u00f6fu\u00f0b\u00f3lum Oddaverja<\/p>\n<p>N\u00fana vitum vi\u00f0 meira og eftir margra \u00e1ra hugmyndavinnu erum vi\u00f0 komin af sta\u00f0 me\u00f0 verkefni\u00f0 okkar. \u00dea\u00f0 eru forr\u00e9ttindi a\u00f0 geta sinnt \u00e1hugam\u00e1lum s\u00ednum og unni\u00f0 a\u00f0 eflingu villta laxsins okkar.<\/p>\n<p>\u00a0<\/p>\n<p>\u00a0<\/p>\n<div class=\"text-center\"><div class=\"is-divider divider clearfix\" ><\/div><\/div>\n\n\n\t\t<\/div>\n\t\t\t\t\t<\/div>\n\n\t\n\n\t<div id=\"col-189139120\" class=\"col medium-3 small-12 large-3\"  >\n\t\t\t\t<div class=\"col-inner\"  >\n\t\t\t\n\t\t\t\n\n    <div class=\"box has-hover has-hover box-text-bottom\" >\n\n                  <div class=\"box-image\" style=\"width:80%;\">\n           <div class=\"box-image-inner image-cover\" style=\"border-radius:100%;padding-top:100%;\">\n              <img loading=\"lazy\" decoding=\"async\" width=\"959\" height=\"1279\" src=\"https:\/\/laxakeldum.is\/wp-content\/uploads\/2024\/01\/20230820_171901.jpg\" class=\"attachment- size-\" alt=\"\" srcset=\"https:\/\/laxakeldum.is\/wp-content\/uploads\/2024\/01\/20230820_171901.jpg 959w, https:\/\/laxakeldum.is\/wp-content\/uploads\/2024\/01\/20230820_171901-300x400.jpg 300w, https:\/\/laxakeldum.is\/wp-content\/uploads\/2024\/01\/20230820_171901-600x800.jpg 600w, https:\/\/laxakeldum.is\/wp-content\/uploads\/2024\/01\/20230820_171901-768x1024.jpg 768w\" sizes=\"auto, (max-width: 959px) 100vw, 959px\" \/>                         <\/div>\n          <\/div>\n         \n          <div class=\"box-text text-center\" >\n                <div class=\"box-text-inner\">\n                  <h4 class=\"uppercase\">\n                    <span class=\"person-name\">Gu\u00f0mundur Ingi Hjartarson<\/span><br\/>\n                    <span class=\"person-title is-small thin-font op-7\">\n                                          <\/span>\n                  <\/h4>\n\t\t\t\t\t<div class=\"social-icons follow-icons\" ><a href=\"https:\/\/www.facebook.com\/gudmunduringihjartarson\" target=\"_blank\" data-label=\"Facebook\" class=\"icon button circle is-outline tooltip facebook\" title=\"Follow on Facebook\" aria-label=\"Follow on Facebook\" rel=\"noopener nofollow\"><i class=\"icon-facebook\" aria-hidden=\"true\"><\/i><\/a><a href=\"mailto:gudmundur@fossdalir.is\" data-label=\"E-mail\" target=\"_blank\" class=\"icon button circle is-outline tooltip email\" title=\"Send us an email\" aria-label=\"Send us an email\" rel=\"nofollow noopener\"><i class=\"icon-envelop\" aria-hidden=\"true\"><\/i><\/a><a href=\"tel:8608300\" data-label=\"Phone\" target=\"_blank\" class=\"icon button circle is-outline tooltip phone\" title=\"Call us\" aria-label=\"Call us\" rel=\"nofollow noopener\"><i class=\"icon-phone\" aria-hidden=\"true\"><\/i><\/a><a href=\"http:\/\/gudmunduringihjartarson\" data-label=\"LinkedIn\" target=\"_blank\" class=\"icon button circle is-outline tooltip linkedin\" title=\"Follow on LinkedIn\" aria-label=\"Follow on LinkedIn\" rel=\"noopener nofollow\"><i class=\"icon-linkedin\" aria-hidden=\"true\"><\/i><\/a><\/div>\n\n\n                <\/div>\n          <\/div>\n    <\/div>\n\n\t\n    \n\n\t\t<\/div>\n\t\t\t\t\t<\/div>\n\n\t\n\n\t<div id=\"col-1148188804\" class=\"col medium-3 small-12 large-3\"  >\n\t\t\t\t<div class=\"col-inner\"  >\n\t\t\t\n\t\t\t\n\n    <div class=\"box has-hover has-hover box-text-bottom\" >\n\n                  <div class=\"box-image\" style=\"width:80%;\">\n           <div class=\"box-image-inner image-cover\" style=\"border-radius:100%;padding-top:100%;\">\n              <img loading=\"lazy\" decoding=\"async\" width=\"400\" height=\"400\" src=\"https:\/\/laxakeldum.is\/wp-content\/uploads\/2024\/01\/Lydur-Skulason.jpg\" class=\"attachment- size-\" alt=\"\" srcset=\"https:\/\/laxakeldum.is\/wp-content\/uploads\/2024\/01\/Lydur-Skulason.jpg 400w, https:\/\/laxakeldum.is\/wp-content\/uploads\/2024\/01\/Lydur-Skulason-280x280.jpg 280w, https:\/\/laxakeldum.is\/wp-content\/uploads\/2024\/01\/Lydur-Skulason-300x300.jpg 300w, https:\/\/laxakeldum.is\/wp-content\/uploads\/2024\/01\/Lydur-Skulason-100x100.jpg 100w\" sizes=\"auto, (max-width: 400px) 100vw, 400px\" \/>                         <\/div>\n          <\/div>\n         \n          <div class=\"box-text text-center\" >\n                <div class=\"box-text-inner\">\n                  <h4 class=\"uppercase\">\n                    <span class=\"person-name\">L\u00fd\u00f0ur Sk\u00falason<\/span><br\/>\n                    <span class=\"person-title is-small thin-font op-7\">\n                                          <\/span>\n                  <\/h4>\n\t\t\t\t\t<div class=\"social-icons follow-icons\" ><a href=\"https:\/\/www.facebook.com\/profile.php?id=100087815372694\" target=\"_blank\" data-label=\"Facebook\" class=\"icon button circle is-outline tooltip facebook\" title=\"Follow on Facebook\" aria-label=\"Follow on Facebook\" rel=\"noopener nofollow\"><i class=\"icon-facebook\" aria-hidden=\"true\"><\/i><\/a><a href=\"mailto:lydur@fossdalir.is\" data-label=\"E-mail\" target=\"_blank\" class=\"icon button circle is-outline tooltip email\" title=\"Send us an email\" aria-label=\"Send us an email\" rel=\"nofollow noopener\"><i class=\"icon-envelop\" aria-hidden=\"true\"><\/i><\/a><a href=\"https:\/\/www.linkedin.com\/in\/lydur-skulason-19181341\/\" data-label=\"LinkedIn\" target=\"_blank\" class=\"icon button circle is-outline tooltip linkedin\" title=\"Follow on LinkedIn\" aria-label=\"Follow on LinkedIn\" rel=\"noopener nofollow\"><i class=\"icon-linkedin\" aria-hidden=\"true\"><\/i><\/a><\/div>\n\n\n                <\/div>\n          <\/div>\n    <\/div>\n\n\t\n    \n\n\t\t<\/div>\n\t\t\t\t\t<\/div>\n\n\t\n\n\t<div id=\"col-2062027125\" class=\"col medium-3 small-12 large-3\"  >\n\t\t\t\t<div class=\"col-inner\"  >\n\t\t\t\n\t\t\t\n\n\n\t\t<\/div>\n\t\t\t\t\t<\/div>\n\n\t\n\n\t<div id=\"col-170964937\" class=\"col medium-3 small-12 large-3\"  >\n\t\t\t\t<div class=\"col-inner\"  >\n\t\t\t\n\t\t\t\n\n\n\t\t<\/div>\n\t\t\t\t\t<\/div>\n\n\t\n\n<\/div>","protected":false},"excerpt":{"rendered":"","protected":false},"author":3,"featured_media":750,"parent":0,"menu_order":0,"comment_status":"closed","ping_status":"closed","template":"page-transparent-header-light.php","meta":{"_crdt_document":"","_monsterinsights_skip_tracking":false,"_monsterinsights_sitenote_active":false,"_monsterinsights_sitenote_note":"","_monsterinsights_sitenote_category":0,"footnotes":""},"class_list":["post-95","page","type-page","status-publish","has-post-thumbnail","hentry"],"yoast_head":"<!-- This site is optimized with the Yoast SEO plugin v27.5 - https:\/\/yoast.com\/product\/yoast-seo-wordpress\/ -->\n<title>Um okkur - Lax\u00e1 \u00e1 Keldum<\/title>\n<meta name=\"description\" content=\"Keldur kemur vi\u00f0 s\u00f6gu \u00ed nokkrum af \u00feekktustu b\u00f3kum \u00cdslendinga, m.a. Brennu-Nj\u00e1ls s\u00f6gu, Sturlunga s\u00f6gu Draumurinn um \u00e1na og a\u00f0 efla villta laxinn okkar.\" \/>\n<meta name=\"robots\" content=\"index, follow, max-snippet:-1, max-image-preview:large, max-video-preview:-1\" \/>\n<link rel=\"canonical\" href=\"https:\/\/laxakeldum.is\/en\/um-okkur\/\" \/>\n<meta property=\"og:locale\" content=\"en_GB\" \/>\n<meta property=\"og:type\" content=\"article\" \/>\n<meta property=\"og:title\" content=\"Um okkur - Lax\u00e1 \u00e1 Keldum\" \/>\n<meta property=\"og:description\" content=\"Keldur kemur vi\u00f0 s\u00f6gu \u00ed nokkrum af \u00feekktustu b\u00f3kum \u00cdslendinga, m.a. Brennu-Nj\u00e1ls s\u00f6gu, Sturlunga s\u00f6gu Draumurinn um \u00e1na og a\u00f0 efla villta laxinn okkar.\" \/>\n<meta property=\"og:url\" content=\"https:\/\/laxakeldum.is\/en\/um-okkur\/\" \/>\n<meta property=\"og:site_name\" content=\"Lax\u00e1 \u00e1 Keldum\" \/>\n<meta property=\"article:modified_time\" content=\"2025-01-06T21:24:33+00:00\" \/>\n<meta property=\"og:image\" content=\"https:\/\/laxakeldum.is\/wp-content\/uploads\/2024\/01\/20220723_161007-1-1.jpg\" \/>\n\t<meta property=\"og:image:width\" content=\"959\" \/>\n\t<meta property=\"og:image:height\" content=\"1279\" \/>\n\t<meta property=\"og:image:type\" content=\"image\/jpeg\" \/>\n<meta name=\"twitter:card\" content=\"summary_large_image\" \/>\n<meta name=\"twitter:label1\" content=\"Estimated reading time\" \/>\n\t<meta name=\"twitter:data1\" content=\"3 minutes\" \/>\n<script type=\"application\/ld+json\" class=\"yoast-schema-graph\">{\"@context\":\"https:\\\/\\\/schema.org\",\"@graph\":[{\"@type\":\"WebPage\",\"@id\":\"https:\\\/\\\/laxakeldum.is\\\/um-okkur\\\/\",\"url\":\"https:\\\/\\\/laxakeldum.is\\\/um-okkur\\\/\",\"name\":\"Um okkur - Lax\u00e1 \u00e1 Keldum\",\"isPartOf\":{\"@id\":\"https:\\\/\\\/laxakeldum.is\\\/#website\"},\"primaryImageOfPage\":{\"@id\":\"https:\\\/\\\/laxakeldum.is\\\/um-okkur\\\/#primaryimage\"},\"image\":{\"@id\":\"https:\\\/\\\/laxakeldum.is\\\/um-okkur\\\/#primaryimage\"},\"thumbnailUrl\":\"https:\\\/\\\/laxakeldum.is\\\/wp-content\\\/uploads\\\/2024\\\/01\\\/20220723_161007-1-1.jpg\",\"datePublished\":\"2013-08-11T19:06:15+00:00\",\"dateModified\":\"2025-01-06T21:24:33+00:00\",\"description\":\"Keldur kemur vi\u00f0 s\u00f6gu \u00ed nokkrum af \u00feekktustu b\u00f3kum \u00cdslendinga, m.a. Brennu-Nj\u00e1ls s\u00f6gu, Sturlunga s\u00f6gu Draumurinn um \u00e1na og a\u00f0 efla villta laxinn okkar.\",\"breadcrumb\":{\"@id\":\"https:\\\/\\\/laxakeldum.is\\\/um-okkur\\\/#breadcrumb\"},\"inLanguage\":\"en-GB\",\"potentialAction\":[{\"@type\":\"ReadAction\",\"target\":[\"https:\\\/\\\/laxakeldum.is\\\/um-okkur\\\/\"]}]},{\"@type\":\"ImageObject\",\"inLanguage\":\"en-GB\",\"@id\":\"https:\\\/\\\/laxakeldum.is\\\/um-okkur\\\/#primaryimage\",\"url\":\"https:\\\/\\\/laxakeldum.is\\\/wp-content\\\/uploads\\\/2024\\\/01\\\/20220723_161007-1-1.jpg\",\"contentUrl\":\"https:\\\/\\\/laxakeldum.is\\\/wp-content\\\/uploads\\\/2024\\\/01\\\/20220723_161007-1-1.jpg\",\"width\":959,\"height\":1279},{\"@type\":\"BreadcrumbList\",\"@id\":\"https:\\\/\\\/laxakeldum.is\\\/um-okkur\\\/#breadcrumb\",\"itemListElement\":[{\"@type\":\"ListItem\",\"position\":1,\"name\":\"Home\",\"item\":\"https:\\\/\\\/laxakeldum.is\\\/\"},{\"@type\":\"ListItem\",\"position\":2,\"name\":\"Um okkur\"}]},{\"@type\":\"WebSite\",\"@id\":\"https:\\\/\\\/laxakeldum.is\\\/#website\",\"url\":\"https:\\\/\\\/laxakeldum.is\\\/\",\"name\":\"Lax\u00e1 \u00e1 Keldum\",\"description\":\"\",\"publisher\":{\"@id\":\"https:\\\/\\\/laxakeldum.is\\\/#organization\"},\"potentialAction\":[{\"@type\":\"SearchAction\",\"target\":{\"@type\":\"EntryPoint\",\"urlTemplate\":\"https:\\\/\\\/laxakeldum.is\\\/?s={search_term_string}\"},\"query-input\":{\"@type\":\"PropertyValueSpecification\",\"valueRequired\":true,\"valueName\":\"search_term_string\"}}],\"inLanguage\":\"en-GB\"},{\"@type\":\"Organization\",\"@id\":\"https:\\\/\\\/laxakeldum.is\\\/#organization\",\"name\":\"Lax\u00e1 \u00e1 Keldum\",\"url\":\"https:\\\/\\\/laxakeldum.is\\\/\",\"logo\":{\"@type\":\"ImageObject\",\"inLanguage\":\"en-GB\",\"@id\":\"https:\\\/\\\/laxakeldum.is\\\/#\\\/schema\\\/logo\\\/image\\\/\",\"url\":\"https:\\\/\\\/laxakeldum.is\\\/wp-content\\\/uploads\\\/2024\\\/01\\\/Laxa-a-Keldum-transparent.png\",\"contentUrl\":\"https:\\\/\\\/laxakeldum.is\\\/wp-content\\\/uploads\\\/2024\\\/01\\\/Laxa-a-Keldum-transparent.png\",\"width\":1000,\"height\":1000,\"caption\":\"Lax\u00e1 \u00e1 Keldum\"},\"image\":{\"@id\":\"https:\\\/\\\/laxakeldum.is\\\/#\\\/schema\\\/logo\\\/image\\\/\"}}]}<\/script>\n<!-- \/ Yoast SEO plugin. -->","yoast_head_json":{"title":"Um okkur - Lax\u00e1 \u00e1 Keldum","description":"Keldur kemur vi\u00f0 s\u00f6gu \u00ed nokkrum af \u00feekktustu b\u00f3kum \u00cdslendinga, m.a. Brennu-Nj\u00e1ls s\u00f6gu, Sturlunga s\u00f6gu Draumurinn um \u00e1na og a\u00f0 efla villta laxinn okkar.","robots":{"index":"index","follow":"follow","max-snippet":"max-snippet:-1","max-image-preview":"max-image-preview:large","max-video-preview":"max-video-preview:-1"},"canonical":"https:\/\/laxakeldum.is\/en\/um-okkur\/","og_locale":"en_GB","og_type":"article","og_title":"Um okkur - Lax\u00e1 \u00e1 Keldum","og_description":"Keldur kemur vi\u00f0 s\u00f6gu \u00ed nokkrum af \u00feekktustu b\u00f3kum \u00cdslendinga, m.a. Brennu-Nj\u00e1ls s\u00f6gu, Sturlunga s\u00f6gu Draumurinn um \u00e1na og a\u00f0 efla villta laxinn okkar.","og_url":"https:\/\/laxakeldum.is\/en\/um-okkur\/","og_site_name":"Lax\u00e1 \u00e1 Keldum","article_modified_time":"2025-01-06T21:24:33+00:00","og_image":[{"width":959,"height":1279,"url":"https:\/\/laxakeldum.is\/wp-content\/uploads\/2024\/01\/20220723_161007-1-1.jpg","type":"image\/jpeg"}],"twitter_card":"summary_large_image","twitter_misc":{"Estimated reading time":"3 minutes"},"schema":{"@context":"https:\/\/schema.org","@graph":[{"@type":"WebPage","@id":"https:\/\/laxakeldum.is\/um-okkur\/","url":"https:\/\/laxakeldum.is\/um-okkur\/","name":"Um okkur - Lax\u00e1 \u00e1 Keldum","isPartOf":{"@id":"https:\/\/laxakeldum.is\/#website"},"primaryImageOfPage":{"@id":"https:\/\/laxakeldum.is\/um-okkur\/#primaryimage"},"image":{"@id":"https:\/\/laxakeldum.is\/um-okkur\/#primaryimage"},"thumbnailUrl":"https:\/\/laxakeldum.is\/wp-content\/uploads\/2024\/01\/20220723_161007-1-1.jpg","datePublished":"2013-08-11T19:06:15+00:00","dateModified":"2025-01-06T21:24:33+00:00","description":"Keldur kemur vi\u00f0 s\u00f6gu \u00ed nokkrum af \u00feekktustu b\u00f3kum \u00cdslendinga, m.a. Brennu-Nj\u00e1ls s\u00f6gu, Sturlunga s\u00f6gu Draumurinn um \u00e1na og a\u00f0 efla villta laxinn okkar.","breadcrumb":{"@id":"https:\/\/laxakeldum.is\/um-okkur\/#breadcrumb"},"inLanguage":"en-GB","potentialAction":[{"@type":"ReadAction","target":["https:\/\/laxakeldum.is\/um-okkur\/"]}]},{"@type":"ImageObject","inLanguage":"en-GB","@id":"https:\/\/laxakeldum.is\/um-okkur\/#primaryimage","url":"https:\/\/laxakeldum.is\/wp-content\/uploads\/2024\/01\/20220723_161007-1-1.jpg","contentUrl":"https:\/\/laxakeldum.is\/wp-content\/uploads\/2024\/01\/20220723_161007-1-1.jpg","width":959,"height":1279},{"@type":"BreadcrumbList","@id":"https:\/\/laxakeldum.is\/um-okkur\/#breadcrumb","itemListElement":[{"@type":"ListItem","position":1,"name":"Home","item":"https:\/\/laxakeldum.is\/"},{"@type":"ListItem","position":2,"name":"Um okkur"}]},{"@type":"WebSite","@id":"https:\/\/laxakeldum.is\/#website","url":"https:\/\/laxakeldum.is\/","name":"Laxa a Keldum","description":"","publisher":{"@id":"https:\/\/laxakeldum.is\/#organization"},"potentialAction":[{"@type":"SearchAction","target":{"@type":"EntryPoint","urlTemplate":"https:\/\/laxakeldum.is\/?s={search_term_string}"},"query-input":{"@type":"PropertyValueSpecification","valueRequired":true,"valueName":"search_term_string"}}],"inLanguage":"en-GB"},{"@type":"Organization","@id":"https:\/\/laxakeldum.is\/#organization","name":"Laxa a Keldum","url":"https:\/\/laxakeldum.is\/","logo":{"@type":"ImageObject","inLanguage":"en-GB","@id":"https:\/\/laxakeldum.is\/#\/schema\/logo\/image\/","url":"https:\/\/laxakeldum.is\/wp-content\/uploads\/2024\/01\/Laxa-a-Keldum-transparent.png","contentUrl":"https:\/\/laxakeldum.is\/wp-content\/uploads\/2024\/01\/Laxa-a-Keldum-transparent.png","width":1000,"height":1000,"caption":"Lax\u00e1 \u00e1 Keldum"},"image":{"@id":"https:\/\/laxakeldum.is\/#\/schema\/logo\/image\/"}}]}},"_links":{"self":[{"href":"https:\/\/laxakeldum.is\/en\/wp-json\/wp\/v2\/pages\/95","targetHints":{"allow":["GET"]}}],"collection":[{"href":"https:\/\/laxakeldum.is\/en\/wp-json\/wp\/v2\/pages"}],"about":[{"href":"https:\/\/laxakeldum.is\/en\/wp-json\/wp\/v2\/types\/page"}],"author":[{"embeddable":true,"href":"https:\/\/laxakeldum.is\/en\/wp-json\/wp\/v2\/users\/3"}],"replies":[{"embeddable":true,"href":"https:\/\/laxakeldum.is\/en\/wp-json\/wp\/v2\/comments?post=95"}],"version-history":[{"count":10,"href":"https:\/\/laxakeldum.is\/en\/wp-json\/wp\/v2\/pages\/95\/revisions"}],"predecessor-version":[{"id":1404,"href":"https:\/\/laxakeldum.is\/en\/wp-json\/wp\/v2\/pages\/95\/revisions\/1404"}],"wp:featuredmedia":[{"embeddable":true,"href":"https:\/\/laxakeldum.is\/en\/wp-json\/wp\/v2\/media\/750"}],"wp:attachment":[{"href":"https:\/\/laxakeldum.is\/en\/wp-json\/wp\/v2\/media?parent=95"}],"curies":[{"name":"wp","href":"https:\/\/api.w.org\/{rel}","templated":true}]}}