{"id":862,"date":"2024-01-07T21:51:55","date_gmt":"2024-01-07T21:51:55","guid":{"rendered":"https:\/\/laxakeldum.is\/?post_type=product&#038;p=862"},"modified":"2024-02-26T08:08:14","modified_gmt":"2024-02-26T08:08:14","slug":"keldnalaekur","status":"publish","type":"product","link":"https:\/\/laxakeldum.is\/en\/product\/keldnalaekur\/","title":{"rendered":"Keldnal\u00e6kur"},"content":{"rendered":"<p>\u00cd Keldnal\u00e6k er bo\u00f0i\u00f0 upp \u00e1 blekjuvei\u00f0i og von er \u00e1 sta\u00f0bundnum urri\u00f0a.\u00a0 L\u00e6kurinn er me\u00f0 5 km vei\u00f0isv\u00e6\u00f0i sem rennur \u00fat \u00ed Lax\u00e1 \u00e1 Keldum og sameinast \u00fear vi\u00f0 Haldfossa.\u00a0 Keldnal\u00e6kur er me\u00f0 fj\u00f6lm\u00f6rgum vei\u00f0isv\u00e6\u00f0um og \u00fe\u00e6gilegu a\u00f0gengi.\u00a0 Tv\u00e6r stangir eru leyf\u00f0ar og einungis eru seld dagsleyfi \u00e1n gistingar.<\/p>\n<p>Keldnal\u00e6kur og Teitsv\u00f6tn eru stuttir lindarl\u00e6kir sem falla til \u00e1rinnar ofan vi\u00f0 Tungufoss. \u00deeir eru samtals um 11 m3\/sek og vatnshiti \u00ed uppt\u00f6kum um 3,1 \u00b0C (Teitur Arnlaugsson 1974). \u00deetta er um helmingur \u00feess vatns sem rennur um Tungufoss.<\/p>","protected":false},"excerpt":{"rendered":"<p>\u00cd Keldnal\u00e6k er bo\u00f0i\u00f0 upp \u00e1 blekjuvei\u00f0i og von er \u00e1 sta\u00f0bundnum urri\u00f0a.\u00a0 L\u00e6kurinn er me\u00f0 5 km vei\u00f0isv\u00e6\u00f0i sem rennur \u00fat \u00ed Lax\u00e1 \u00e1 Keldum og sameinast \u00fear vi\u00f0 Haldfossa.\u00a0 Keldnal\u00e6kur er me\u00f0 fj\u00f6lm\u00f6rgum vei\u00f0isv\u00e6\u00f0um og \u00fe\u00e6gilegu a\u00f0gengi.\u00a0 Tv\u00e6r stangir eru leyf\u00f0ar og einungis eru seld dagsleyfi \u00e1n gistingar.<\/p>","protected":false},"featured_media":832,"comment_status":"open","ping_status":"closed","template":"","meta":{"_crdt_document":"","_monsterinsights_skip_tracking":false,"_monsterinsights_sitenote_active":false,"_monsterinsights_sitenote_note":"","_monsterinsights_sitenote_category":0},"product_brand":[],"product_cat":[85],"product_tag":[86],"class_list":{"0":"post-862","1":"product","2":"type-product","3":"status-publish","4":"has-post-thumbnail","6":"product_cat-keldnalaekur","7":"product_tag-keldnalaekur","9":"first","10":"instock","11":"shipping-taxable","12":"purchasable","13":"product-type-simple"},"yoast_head":"<!-- This site is optimized with the Yoast SEO plugin v27.5 - https:\/\/yoast.com\/product\/yoast-seo-wordpress\/ -->\n<title>Keldnal\u00e6kur - Lax\u00e1 \u00e1 Keldum<\/title>\n<meta name=\"robots\" content=\"index, follow, max-snippet:-1, max-image-preview:large, max-video-preview:-1\" \/>\n<link rel=\"canonical\" href=\"https:\/\/laxakeldum.is\/en\/product\/keldnalaekur\/\" \/>\n<meta property=\"og:locale\" content=\"en_GB\" \/>\n<meta property=\"og:type\" content=\"article\" \/>\n<meta property=\"og:title\" content=\"Keldnal\u00e6kur - Lax\u00e1 \u00e1 Keldum\" \/>\n<meta property=\"og:description\" content=\"\u00cd Keldnal\u00e6k er bo\u00f0i\u00f0 upp \u00e1 blekjuvei\u00f0i og von er \u00e1 sta\u00f0bundnum urri\u00f0a.\u00a0 L\u00e6kurinn er me\u00f0 5 km vei\u00f0isv\u00e6\u00f0i sem rennur \u00fat \u00ed Lax\u00e1 \u00e1 Keldum og sameinast \u00fear vi\u00f0 Haldfossa.\u00a0 Keldnal\u00e6kur er me\u00f0 fj\u00f6lm\u00f6rgum vei\u00f0isv\u00e6\u00f0um og \u00fe\u00e6gilegu a\u00f0gengi.\u00a0 Tv\u00e6r stangir eru leyf\u00f0ar og einungis eru seld dagsleyfi \u00e1n gistingar.\" \/>\n<meta property=\"og:url\" content=\"https:\/\/laxakeldum.is\/en\/product\/keldnalaekur\/\" \/>\n<meta property=\"og:site_name\" content=\"Lax\u00e1 \u00e1 Keldum\" \/>\n<meta property=\"article:modified_time\" content=\"2024-02-26T08:08:14+00:00\" \/>\n<meta property=\"og:image\" content=\"https:\/\/laxakeldum.is\/wp-content\/uploads\/2024\/01\/20230805_115733.jpg\" \/>\n\t<meta property=\"og:image:width\" content=\"1920\" \/>\n\t<meta property=\"og:image:height\" content=\"1080\" \/>\n\t<meta property=\"og:image:type\" content=\"image\/jpeg\" \/>\n<meta name=\"twitter:card\" content=\"summary_large_image\" \/>\n<meta name=\"twitter:label1\" content=\"Estimated reading time\" \/>\n\t<meta name=\"twitter:data1\" content=\"1 minute\" \/>\n<script type=\"application\/ld+json\" class=\"yoast-schema-graph\">{\"@context\":\"https:\\\/\\\/schema.org\",\"@graph\":[{\"@type\":\"WebPage\",\"@id\":\"https:\\\/\\\/laxakeldum.is\\\/product\\\/keldnalaekur\\\/\",\"url\":\"https:\\\/\\\/laxakeldum.is\\\/product\\\/keldnalaekur\\\/\",\"name\":\"Keldnal\u00e6kur - Lax\u00e1 \u00e1 Keldum\",\"isPartOf\":{\"@id\":\"https:\\\/\\\/laxakeldum.is\\\/#website\"},\"primaryImageOfPage\":{\"@id\":\"https:\\\/\\\/laxakeldum.is\\\/product\\\/keldnalaekur\\\/#primaryimage\"},\"image\":{\"@id\":\"https:\\\/\\\/laxakeldum.is\\\/product\\\/keldnalaekur\\\/#primaryimage\"},\"thumbnailUrl\":\"https:\\\/\\\/laxakeldum.is\\\/wp-content\\\/uploads\\\/2024\\\/01\\\/20230805_115733.jpg\",\"datePublished\":\"2024-01-07T21:51:55+00:00\",\"dateModified\":\"2024-02-26T08:08:14+00:00\",\"breadcrumb\":{\"@id\":\"https:\\\/\\\/laxakeldum.is\\\/product\\\/keldnalaekur\\\/#breadcrumb\"},\"inLanguage\":\"en-GB\",\"potentialAction\":[{\"@type\":\"ReadAction\",\"target\":[\"https:\\\/\\\/laxakeldum.is\\\/product\\\/keldnalaekur\\\/\"]}]},{\"@type\":\"ImageObject\",\"inLanguage\":\"en-GB\",\"@id\":\"https:\\\/\\\/laxakeldum.is\\\/product\\\/keldnalaekur\\\/#primaryimage\",\"url\":\"https:\\\/\\\/laxakeldum.is\\\/wp-content\\\/uploads\\\/2024\\\/01\\\/20230805_115733.jpg\",\"contentUrl\":\"https:\\\/\\\/laxakeldum.is\\\/wp-content\\\/uploads\\\/2024\\\/01\\\/20230805_115733.jpg\",\"width\":1920,\"height\":1080,\"caption\":\"Keldnal\u00e6kur\"},{\"@type\":\"BreadcrumbList\",\"@id\":\"https:\\\/\\\/laxakeldum.is\\\/product\\\/keldnalaekur\\\/#breadcrumb\",\"itemListElement\":[{\"@type\":\"ListItem\",\"position\":1,\"name\":\"Home\",\"item\":\"https:\\\/\\\/laxakeldum.is\\\/\"},{\"@type\":\"ListItem\",\"position\":2,\"name\":\"Shop\",\"item\":\"https:\\\/\\\/laxakeldum.is\\\/shop\\\/\"},{\"@type\":\"ListItem\",\"position\":3,\"name\":\"Keldnal\u00e6kur\"}]},{\"@type\":\"WebSite\",\"@id\":\"https:\\\/\\\/laxakeldum.is\\\/#website\",\"url\":\"https:\\\/\\\/laxakeldum.is\\\/\",\"name\":\"Lax\u00e1 \u00e1 Keldum\",\"description\":\"\",\"publisher\":{\"@id\":\"https:\\\/\\\/laxakeldum.is\\\/#organization\"},\"potentialAction\":[{\"@type\":\"SearchAction\",\"target\":{\"@type\":\"EntryPoint\",\"urlTemplate\":\"https:\\\/\\\/laxakeldum.is\\\/?s={search_term_string}\"},\"query-input\":{\"@type\":\"PropertyValueSpecification\",\"valueRequired\":true,\"valueName\":\"search_term_string\"}}],\"inLanguage\":\"en-GB\"},{\"@type\":\"Organization\",\"@id\":\"https:\\\/\\\/laxakeldum.is\\\/#organization\",\"name\":\"Lax\u00e1 \u00e1 Keldum\",\"url\":\"https:\\\/\\\/laxakeldum.is\\\/\",\"logo\":{\"@type\":\"ImageObject\",\"inLanguage\":\"en-GB\",\"@id\":\"https:\\\/\\\/laxakeldum.is\\\/#\\\/schema\\\/logo\\\/image\\\/\",\"url\":\"https:\\\/\\\/laxakeldum.is\\\/wp-content\\\/uploads\\\/2024\\\/01\\\/Laxa-a-Keldum-transparent.png\",\"contentUrl\":\"https:\\\/\\\/laxakeldum.is\\\/wp-content\\\/uploads\\\/2024\\\/01\\\/Laxa-a-Keldum-transparent.png\",\"width\":1000,\"height\":1000,\"caption\":\"Lax\u00e1 \u00e1 Keldum\"},\"image\":{\"@id\":\"https:\\\/\\\/laxakeldum.is\\\/#\\\/schema\\\/logo\\\/image\\\/\"}}]}<\/script>\n<!-- \/ Yoast SEO plugin. -->","yoast_head_json":{"title":"Keldnal\u00e6kur - Lax\u00e1 \u00e1 Keldum","robots":{"index":"index","follow":"follow","max-snippet":"max-snippet:-1","max-image-preview":"max-image-preview:large","max-video-preview":"max-video-preview:-1"},"canonical":"https:\/\/laxakeldum.is\/en\/product\/keldnalaekur\/","og_locale":"en_GB","og_type":"article","og_title":"Keldnal\u00e6kur - Lax\u00e1 \u00e1 Keldum","og_description":"\u00cd Keldnal\u00e6k er bo\u00f0i\u00f0 upp \u00e1 blekjuvei\u00f0i og von er \u00e1 sta\u00f0bundnum urri\u00f0a.\u00a0 L\u00e6kurinn er me\u00f0 5 km vei\u00f0isv\u00e6\u00f0i sem rennur \u00fat \u00ed Lax\u00e1 \u00e1 Keldum og sameinast \u00fear vi\u00f0 Haldfossa.\u00a0 Keldnal\u00e6kur er me\u00f0 fj\u00f6lm\u00f6rgum vei\u00f0isv\u00e6\u00f0um og \u00fe\u00e6gilegu a\u00f0gengi.\u00a0 Tv\u00e6r stangir eru leyf\u00f0ar og einungis eru seld dagsleyfi \u00e1n gistingar.","og_url":"https:\/\/laxakeldum.is\/en\/product\/keldnalaekur\/","og_site_name":"Lax\u00e1 \u00e1 Keldum","article_modified_time":"2024-02-26T08:08:14+00:00","og_image":[{"width":1920,"height":1080,"url":"https:\/\/laxakeldum.is\/wp-content\/uploads\/2024\/01\/20230805_115733.jpg","type":"image\/jpeg"}],"twitter_card":"summary_large_image","twitter_misc":{"Estimated reading time":"1 minute"},"schema":{"@context":"https:\/\/schema.org","@graph":[{"@type":"WebPage","@id":"https:\/\/laxakeldum.is\/product\/keldnalaekur\/","url":"https:\/\/laxakeldum.is\/product\/keldnalaekur\/","name":"Keldnal\u00e6kur - Lax\u00e1 \u00e1 Keldum","isPartOf":{"@id":"https:\/\/laxakeldum.is\/#website"},"primaryImageOfPage":{"@id":"https:\/\/laxakeldum.is\/product\/keldnalaekur\/#primaryimage"},"image":{"@id":"https:\/\/laxakeldum.is\/product\/keldnalaekur\/#primaryimage"},"thumbnailUrl":"https:\/\/laxakeldum.is\/wp-content\/uploads\/2024\/01\/20230805_115733.jpg","datePublished":"2024-01-07T21:51:55+00:00","dateModified":"2024-02-26T08:08:14+00:00","breadcrumb":{"@id":"https:\/\/laxakeldum.is\/product\/keldnalaekur\/#breadcrumb"},"inLanguage":"en-GB","potentialAction":[{"@type":"ReadAction","target":["https:\/\/laxakeldum.is\/product\/keldnalaekur\/"]}]},{"@type":"ImageObject","inLanguage":"en-GB","@id":"https:\/\/laxakeldum.is\/product\/keldnalaekur\/#primaryimage","url":"https:\/\/laxakeldum.is\/wp-content\/uploads\/2024\/01\/20230805_115733.jpg","contentUrl":"https:\/\/laxakeldum.is\/wp-content\/uploads\/2024\/01\/20230805_115733.jpg","width":1920,"height":1080,"caption":"Keldnal\u00e6kur"},{"@type":"BreadcrumbList","@id":"https:\/\/laxakeldum.is\/product\/keldnalaekur\/#breadcrumb","itemListElement":[{"@type":"ListItem","position":1,"name":"Home","item":"https:\/\/laxakeldum.is\/"},{"@type":"ListItem","position":2,"name":"Shop","item":"https:\/\/laxakeldum.is\/shop\/"},{"@type":"ListItem","position":3,"name":"Keldnal\u00e6kur"}]},{"@type":"WebSite","@id":"https:\/\/laxakeldum.is\/#website","url":"https:\/\/laxakeldum.is\/","name":"Laxa a Keldum","description":"","publisher":{"@id":"https:\/\/laxakeldum.is\/#organization"},"potentialAction":[{"@type":"SearchAction","target":{"@type":"EntryPoint","urlTemplate":"https:\/\/laxakeldum.is\/?s={search_term_string}"},"query-input":{"@type":"PropertyValueSpecification","valueRequired":true,"valueName":"search_term_string"}}],"inLanguage":"en-GB"},{"@type":"Organization","@id":"https:\/\/laxakeldum.is\/#organization","name":"Laxa a Keldum","url":"https:\/\/laxakeldum.is\/","logo":{"@type":"ImageObject","inLanguage":"en-GB","@id":"https:\/\/laxakeldum.is\/#\/schema\/logo\/image\/","url":"https:\/\/laxakeldum.is\/wp-content\/uploads\/2024\/01\/Laxa-a-Keldum-transparent.png","contentUrl":"https:\/\/laxakeldum.is\/wp-content\/uploads\/2024\/01\/Laxa-a-Keldum-transparent.png","width":1000,"height":1000,"caption":"Lax\u00e1 \u00e1 Keldum"},"image":{"@id":"https:\/\/laxakeldum.is\/#\/schema\/logo\/image\/"}}]}},"_links":{"self":[{"href":"https:\/\/laxakeldum.is\/en\/wp-json\/wp\/v2\/product\/862","targetHints":{"allow":["GET"]}}],"collection":[{"href":"https:\/\/laxakeldum.is\/en\/wp-json\/wp\/v2\/product"}],"about":[{"href":"https:\/\/laxakeldum.is\/en\/wp-json\/wp\/v2\/types\/product"}],"replies":[{"embeddable":true,"href":"https:\/\/laxakeldum.is\/en\/wp-json\/wp\/v2\/comments?post=862"}],"wp:featuredmedia":[{"embeddable":true,"href":"https:\/\/laxakeldum.is\/en\/wp-json\/wp\/v2\/media\/832"}],"wp:attachment":[{"href":"https:\/\/laxakeldum.is\/en\/wp-json\/wp\/v2\/media?parent=862"}],"wp:term":[{"taxonomy":"product_brand","embeddable":true,"href":"https:\/\/laxakeldum.is\/en\/wp-json\/wp\/v2\/product_brand?post=862"},{"taxonomy":"product_cat","embeddable":true,"href":"https:\/\/laxakeldum.is\/en\/wp-json\/wp\/v2\/product_cat?post=862"},{"taxonomy":"product_tag","embeddable":true,"href":"https:\/\/laxakeldum.is\/en\/wp-json\/wp\/v2\/product_tag?post=862"}],"curies":[{"name":"wp","href":"https:\/\/api.w.org\/{rel}","templated":true}]}}